{"id":3697,"date":"2018-10-15T02:26:16","date_gmt":"2018-10-15T02:26:16","guid":{"rendered":"https:\/\/learts.thememove.com\/?page_id=3"},"modified":"2026-01-30T19:20:55","modified_gmt":"2026-01-30T18:20:55","slug":"regulaminy","status":"publish","type":"page","link":"https:\/\/maysternyachuda.com\/en\/regulaminy\/","title":{"rendered":"Store regulations"},"content":{"rendered":"<h1 data-start=\"250\" data-end=\"303\"><strong data-start=\"252\" data-end=\"303\">Regulamin sklepu internetowego Maysternya Chuda<\/strong><\/h1>\n<h2 data-start=\"305\" data-end=\"331\">1. Postanowienia og\u00f3lne<\/h2>\n<ol data-start=\"333\" data-end=\"835\">\n<li data-start=\"333\" data-end=\"614\">\n<p data-start=\"336\" data-end=\"614\">Sklep internetowy dost\u0119pny pod adresem <strong data-start=\"375\" data-end=\"406\"><a class=\"decorated-link\" href=\"https:\/\/maysternyachuda.com\/en\/\" target=\"_new\" rel=\"noopener\" data-start=\"377\" data-end=\"404\">https:\/\/maysternyachuda.com<\/a><\/strong> prowadzony jest przez:<br data-start=\"429\" data-end=\"432\" \/><strong data-start=\"435\" data-end=\"471\">Maysternya Chuda Oleksandra Buno<\/strong><br data-start=\"471\" data-end=\"474\" \/>ul. Przednia 9\/1, 02-433 Warszawa, Polska<br data-start=\"518\" data-end=\"521\" \/>NIP: 5223352193<br data-start=\"539\" data-end=\"542\" \/>e-mail: <strong data-start=\"553\" data-end=\"583\"><a class=\"decorated-link cursor-pointer\" rel=\"noopener\" data-start=\"555\" data-end=\"581\">maysternya.chuda@gmail.com<\/a><\/strong><br data-start=\"583\" data-end=\"586\" \/>tel.: <strong data-start=\"595\" data-end=\"614\">+48 574 081 381<\/strong><\/p>\n<\/li>\n<li data-start=\"616\" data-end=\"768\">\n<p data-start=\"619\" data-end=\"768\">Niniejszy Regulamin okre\u015bla zasady korzystania ze Sklepu, sk\u0142adania zam\u00f3wie\u0144, realizacji um\u00f3w sprzeda\u017cy oraz prawa i obowi\u0105zki Klient\u00f3w i Sprzedawcy.<\/p>\n<\/li>\n<li data-start=\"770\" data-end=\"835\">\n<p data-start=\"773\" data-end=\"835\">Sklep prowadzi sprzeda\u017c detaliczn\u0105 za po\u015brednictwem Internetu.<\/p>\n<\/li>\n<\/ol>\n<hr data-start=\"837\" data-end=\"840\" \/>\n<h2 data-start=\"842\" data-end=\"877\">2. Przedmiot dzia\u0142alno\u015bci Sklepu<\/h2>\n<ol data-start=\"879\" data-end=\"1286\">\n<li data-start=\"879\" data-end=\"1060\">\n<p data-start=\"882\" data-end=\"956\">Sklep zajmuje si\u0119 sprzeda\u017c\u0105 <strong data-start=\"910\" data-end=\"938\">wyrob\u00f3w r\u0119kodzielniczych<\/strong>, w szczeg\u00f3lno\u015bci:<\/p>\n<ul data-start=\"960\" data-end=\"1060\">\n<li data-start=\"960\" data-end=\"987\">\n<p data-start=\"962\" data-end=\"987\">kry\u017cm i szatek do chrztu,<\/p>\n<\/li>\n<li data-start=\"991\" data-end=\"1021\">\n<p data-start=\"993\" data-end=\"1021\">produkt\u00f3w personalizowanych,<\/p>\n<\/li>\n<li data-start=\"1025\" data-end=\"1060\">\n<p data-start=\"1027\" data-end=\"1060\">artyku\u0142\u00f3w dla dzieci i niemowl\u0105t.<\/p>\n<\/li>\n<\/ul>\n<\/li>\n<li data-start=\"1062\" data-end=\"1165\">\n<p data-start=\"1065\" data-end=\"1165\">Wszystkie produkty wykonywane s\u0105 z nale\u017cyt\u0105 staranno\u015bci\u0105, cz\u0119sto na indywidualne zam\u00f3wienie Klienta.<\/p>\n<\/li>\n<li data-start=\"1167\" data-end=\"1286\">\n<p data-start=\"1170\" data-end=\"1286\">Wszystkie ceny podane w Sklepie s\u0105 cenami brutto i wyra\u017cone s\u0105 w z\u0142otych polskich (PLN), o ile nie wskazano inaczej.<\/p>\n<\/li>\n<\/ol>\n<hr data-start=\"1288\" data-end=\"1291\" \/>\n<h2 data-start=\"1293\" data-end=\"1317\">3. Sk\u0142adanie zam\u00f3wie\u0144<\/h2>\n<ol data-start=\"1319\" data-end=\"1700\">\n<li data-start=\"1319\" data-end=\"1410\">\n<p data-start=\"1322\" data-end=\"1410\">Zam\u00f3wienia mo\u017cna sk\u0142ada\u0107 24 godziny na dob\u0119 za po\u015brednictwem strony internetowej Sklepu.<\/p>\n<\/li>\n<li data-start=\"1412\" data-end=\"1577\">\n<p data-start=\"1415\" data-end=\"1450\">Warunkiem z\u0142o\u017cenia zam\u00f3wienia jest:<\/p>\n<ul data-start=\"1454\" data-end=\"1577\">\n<li data-start=\"1454\" data-end=\"1499\">\n<p data-start=\"1456\" data-end=\"1499\">poprawne wype\u0142nienie formularza zam\u00f3wienia,<\/p>\n<\/li>\n<li data-start=\"1503\" data-end=\"1539\">\n<p data-start=\"1505\" data-end=\"1539\">akceptacja niniejszego Regulaminu,<\/p>\n<\/li>\n<li data-start=\"1543\" data-end=\"1577\">\n<p data-start=\"1545\" data-end=\"1577\">akceptacja Polityki prywatno\u015bci.<\/p>\n<\/li>\n<\/ul>\n<\/li>\n<li data-start=\"1579\" data-end=\"1700\">\n<p data-start=\"1582\" data-end=\"1700\">W przypadku produkt\u00f3w personalizowanych Klient zobowi\u0105zany jest do podania prawid\u0142owych danych (np. imienia do haftu).<\/p>\n<\/li>\n<\/ol>\n<hr data-start=\"1702\" data-end=\"1705\" \/>\n<h2 data-start=\"1707\" data-end=\"1722\">4. P\u0142atno\u015bci<\/h2>\n<ol data-start=\"1724\" data-end=\"2046\">\n<li data-start=\"1724\" data-end=\"1856\">\n<p data-start=\"1727\" data-end=\"1807\">Klient mo\u017ce dokona\u0107 p\u0142atno\u015bci za zam\u00f3wienie za po\u015brednictwem system\u00f3w p\u0142atno\u015bci:<\/p>\n<ul data-start=\"1811\" data-end=\"1856\">\n<li data-start=\"1811\" data-end=\"1822\">\n<p data-start=\"1813\" data-end=\"1822\"><strong data-start=\"1813\" data-end=\"1821\">PayU<\/strong>,<\/p>\n<\/li>\n<li data-start=\"1826\" data-end=\"1839\">\n<p data-start=\"1828\" data-end=\"1839\"><strong data-start=\"1828\" data-end=\"1838\">PayPal<\/strong>,<\/p>\n<\/li>\n<li data-start=\"1843\" data-end=\"1856\">\n<p data-start=\"1845\" data-end=\"1856\"><strong data-start=\"1845\" data-end=\"1855\">Stripe<\/strong>.<\/p>\n<\/li>\n<\/ul>\n<\/li>\n<li data-start=\"1858\" data-end=\"1946\">\n<p data-start=\"1861\" data-end=\"1946\">Realizacja zam\u00f3wienia rozpoczyna si\u0119 po otrzymaniu potwierdzenia dokonania p\u0142atno\u015bci.<\/p>\n<\/li>\n<li data-start=\"1948\" data-end=\"2046\">\n<p data-start=\"1951\" data-end=\"2046\">W przypadku braku p\u0142atno\u015bci w terminie 3 dni roboczych Sprzedawca ma prawo anulowa\u0107 zam\u00f3wienie.<\/p>\n<\/li>\n<\/ol>\n<hr data-start=\"2048\" data-end=\"2051\" \/>\n<h2 data-start=\"2053\" data-end=\"2088\">5. Realizacja zam\u00f3wie\u0144 i dostawa<\/h2>\n<ol data-start=\"2090\" data-end=\"2466\">\n<li data-start=\"2090\" data-end=\"2186\">\n<p data-start=\"2093\" data-end=\"2186\">Zam\u00f3wienia realizowane s\u0105 na terenie Polski oraz poza jej granicami (wysy\u0142ka mi\u0119dzynarodowa).<\/p>\n<\/li>\n<li data-start=\"2188\" data-end=\"2308\">\n<p data-start=\"2191\" data-end=\"2308\">Czas realizacji zam\u00f3wienia zale\u017cy od rodzaju produktu i jest podawany na stronie produktu lub ustalany indywidualnie.<\/p>\n<\/li>\n<li data-start=\"2310\" data-end=\"2372\">\n<p data-start=\"2313\" data-end=\"2372\">Koszt dostawy jest wskazany w trakcie sk\u0142adania zam\u00f3wienia.<\/p>\n<\/li>\n<li data-start=\"2374\" data-end=\"2466\">\n<p data-start=\"2377\" data-end=\"2466\">Sklep nie ponosi odpowiedzialno\u015bci za op\u00f3\u017anienia wynikaj\u0105ce z dzia\u0142ania firm kurierskich.<\/p>\n<\/li>\n<\/ol>\n<hr data-start=\"2468\" data-end=\"2471\" \/>\n<h2 data-start=\"2473\" data-end=\"2505\">6. Prawo odst\u0105pienia od umowy<\/h2>\n<ol data-start=\"2507\" data-end=\"2913\">\n<li data-start=\"2507\" data-end=\"2607\">\n<p data-start=\"2510\" data-end=\"2607\">Klient b\u0119d\u0105cy konsumentem ma prawo odst\u0105pi\u0107 od umowy w terminie <strong data-start=\"2574\" data-end=\"2584\">14 dni<\/strong> bez podania przyczyny.<\/p>\n<\/li>\n<li data-start=\"2609\" data-end=\"2809\">\n<p data-start=\"2612\" data-end=\"2662\">Prawo odst\u0105pienia <strong data-start=\"2630\" data-end=\"2649\">nie przys\u0142uguje<\/strong> w przypadku:<\/p>\n<ul data-start=\"2666\" data-end=\"2809\">\n<li data-start=\"2666\" data-end=\"2696\">\n<p data-start=\"2668\" data-end=\"2696\">produkt\u00f3w personalizowanych,<\/p>\n<\/li>\n<li data-start=\"2700\" data-end=\"2809\">\n<p data-start=\"2702\" data-end=\"2809\">produkt\u00f3w wykonanych na indywidualne zam\u00f3wienie Klienta<br data-start=\"2757\" data-end=\"2760\" \/>zgodnie z art. 38 ustawy o prawach konsumenta.<\/p>\n<\/li>\n<\/ul>\n<\/li>\n<li data-start=\"2811\" data-end=\"2913\">\n<p data-start=\"2814\" data-end=\"2913\">W przypadku odst\u0105pienia od umowy Klient zobowi\u0105zany jest do zwrotu produktu w stanie nienaruszonym.<\/p>\n<\/li>\n<\/ol>\n<hr data-start=\"2915\" data-end=\"2918\" \/>\n<h2 data-start=\"2920\" data-end=\"2936\">7. Reklamacje<\/h2>\n<ol data-start=\"2938\" data-end=\"3223\">\n<li data-start=\"2938\" data-end=\"3045\">\n<p data-start=\"2941\" data-end=\"3045\">Reklamacje dotycz\u0105ce zam\u00f3wie\u0144 nale\u017cy sk\u0142ada\u0107 drog\u0105 mailow\u0105 na adres:<br data-start=\"3009\" data-end=\"3012\" \/><strong data-start=\"3015\" data-end=\"3045\"><a class=\"decorated-link cursor-pointer\" rel=\"noopener\" data-start=\"3017\" data-end=\"3043\">maysternya.chuda@gmail.com<\/a><\/strong><\/p>\n<\/li>\n<li data-start=\"3047\" data-end=\"3151\">\n<p data-start=\"3050\" data-end=\"3078\">Reklamacja powinna zawiera\u0107:<\/p>\n<ul data-start=\"3082\" data-end=\"3151\">\n<li data-start=\"3082\" data-end=\"3108\">\n<p data-start=\"3084\" data-end=\"3108\">imi\u0119 i nazwisko Klienta,<\/p>\n<\/li>\n<li data-start=\"3112\" data-end=\"3131\">\n<p data-start=\"3114\" data-end=\"3131\">numer zam\u00f3wienia,<\/p>\n<\/li>\n<li data-start=\"3135\" data-end=\"3151\">\n<p data-start=\"3137\" data-end=\"3151\">opis problemu.<\/p>\n<\/li>\n<\/ul>\n<\/li>\n<li data-start=\"3153\" data-end=\"3223\">\n<p data-start=\"3156\" data-end=\"3223\">Sklep rozpatrzy reklamacj\u0119 w terminie <strong data-start=\"3194\" data-end=\"3204\">14 dni<\/strong> od jej otrzymania.<\/p>\n<\/li>\n<\/ol>\n<hr data-start=\"3225\" data-end=\"3228\" \/>\n<h2 data-start=\"3230\" data-end=\"3260\">8. Ochrona danych osobowych<\/h2>\n<ol data-start=\"3262\" data-end=\"3402\">\n<li data-start=\"3262\" data-end=\"3402\">\n<p data-start=\"3265\" data-end=\"3402\">Dane osobowe Klient\u00f3w przetwarzane s\u0105 zgodnie z obowi\u0105zuj\u0105cymi przepisami prawa oraz <strong data-start=\"3350\" data-end=\"3374\">Polityk\u0105 prywatno\u015bci<\/strong> dost\u0119pn\u0105 na stronie Sklepu.<\/p>\n<\/li>\n<\/ol>\n<hr data-start=\"3404\" data-end=\"3407\" \/>\n<h2 data-start=\"3409\" data-end=\"3436\">9. Postanowienia ko\u0144cowe<\/h2>\n<ol data-start=\"3438\" data-end=\"3742\">\n<li data-start=\"3438\" data-end=\"3499\">\n<p data-start=\"3441\" data-end=\"3499\">Regulamin obowi\u0105zuje od dnia publikacji na stronie Sklepu.<\/p>\n<\/li>\n<li data-start=\"3501\" data-end=\"3643\">\n<p data-start=\"3504\" data-end=\"3643\">Sprzedawca zastrzega sobie prawo do wprowadzania zmian w Regulaminie. Zmiany nie wp\u0142ywaj\u0105 na zam\u00f3wienia z\u0142o\u017cone przed ich wej\u015bciem w \u017cycie.<\/p>\n<\/li>\n<li data-start=\"3645\" data-end=\"3742\">\n<p data-start=\"3648\" data-end=\"3742\">W sprawach nieuregulowanych niniejszym Regulaminem zastosowanie maj\u0105 przepisy prawa polskiego.<\/p>\n<\/li>\n<\/ol>","protected":false},"excerpt":{"rendered":"<p>Regulamin sklepu internetowego Maysternya Chuda 1. Postanowienia og\u00f3lne Sklep internetowy dost\u0119pny pod adresem https:\/\/maysternyachuda.com prowadzony jest przez:Maysternya Chuda Oleksandra Bunoul. Przednia 9\/1, 02-433 Warszawa, PolskaNIP: 5223352193e-mail: maysternya.chuda@gmail.comtel.: +48 574 081 381 Niniejszy Regulamin okre\u015bla zasady korzystania ze Sklepu, sk\u0142adania zam\u00f3wie\u0144, realizacji um\u00f3w sprzeda\u017cy oraz prawa i obowi\u0105zki Klient\u00f3w i Sprzedawcy. Sklep prowadzi sprzeda\u017c detaliczn\u0105 za [&hellip;]<\/p>","protected":false},"author":1,"featured_media":0,"parent":0,"menu_order":0,"comment_status":"closed","ping_status":"open","template":"","meta":{"footnotes":""},"class_list":["post-3697","page","type-page","status-publish","hentry"],"yoast_head":"<!-- This site is optimized with the Yoast SEO plugin v26.9 - https:\/\/yoast.com\/product\/yoast-seo-wordpress\/ -->\n<title>Regulamin sklepu - \u041c\u0430\u0439\u0441\u0442\u0435\u0440\u043d\u044f \u0427\u0443\u0434\u0430<\/title>\n<meta name=\"robots\" content=\"index, follow, max-snippet:-1, max-image-preview:large, max-video-preview:-1\" \/>\n<link rel=\"canonical\" href=\"https:\/\/maysternyachuda.com\/en\/regulaminy\/\" \/>\n<meta property=\"og:locale\" content=\"en_US\" \/>\n<meta property=\"og:type\" content=\"article\" \/>\n<meta property=\"og:title\" content=\"Regulamin sklepu - \u041c\u0430\u0439\u0441\u0442\u0435\u0440\u043d\u044f \u0427\u0443\u0434\u0430\" \/>\n<meta property=\"og:description\" content=\"Regulamin sklepu internetowego Maysternya Chuda 1. Postanowienia og\u00f3lne Sklep internetowy dost\u0119pny pod adresem https:\/\/maysternyachuda.com prowadzony jest przez:Maysternya Chuda Oleksandra Bunoul. Przednia 9\/1, 02-433 Warszawa, PolskaNIP: 5223352193e-mail: maysternya.chuda@gmail.comtel.: +48 574 081 381 Niniejszy Regulamin okre\u015bla zasady korzystania ze Sklepu, sk\u0142adania zam\u00f3wie\u0144, realizacji um\u00f3w sprzeda\u017cy oraz prawa i obowi\u0105zki Klient\u00f3w i Sprzedawcy. Sklep prowadzi sprzeda\u017c detaliczn\u0105 za [&hellip;]\" \/>\n<meta property=\"og:url\" content=\"https:\/\/maysternyachuda.com\/en\/regulaminy\/\" \/>\n<meta property=\"og:site_name\" content=\"\u041c\u0430\u0439\u0441\u0442\u0435\u0440\u043d\u044f \u0427\u0443\u0434\u0430\" \/>\n<meta property=\"article:modified_time\" content=\"2026-01-30T18:20:55+00:00\" \/>\n<meta name=\"twitter:card\" content=\"summary_large_image\" \/>\n<meta name=\"twitter:label1\" content=\"Est. reading time\" \/>\n\t<meta name=\"twitter:data1\" content=\"2 minutes\" \/>\n<script type=\"application\/ld+json\" class=\"yoast-schema-graph\">{\"@context\":\"https:\/\/schema.org\",\"@graph\":[{\"@type\":\"WebPage\",\"@id\":\"https:\/\/maysternyachuda.com\/regulaminy\/\",\"url\":\"https:\/\/maysternyachuda.com\/regulaminy\/\",\"name\":\"Regulamin sklepu - \u041c\u0430\u0439\u0441\u0442\u0435\u0440\u043d\u044f \u0427\u0443\u0434\u0430\",\"isPartOf\":{\"@id\":\"https:\/\/maysternyachuda.com\/#website\"},\"datePublished\":\"2018-10-15T02:26:16+00:00\",\"dateModified\":\"2026-01-30T18:20:55+00:00\",\"breadcrumb\":{\"@id\":\"https:\/\/maysternyachuda.com\/regulaminy\/#breadcrumb\"},\"inLanguage\":\"en-US\",\"potentialAction\":[{\"@type\":\"ReadAction\",\"target\":[\"https:\/\/maysternyachuda.com\/regulaminy\/\"]}]},{\"@type\":\"BreadcrumbList\",\"@id\":\"https:\/\/maysternyachuda.com\/regulaminy\/#breadcrumb\",\"itemListElement\":[{\"@type\":\"ListItem\",\"position\":1,\"name\":\"\u0413\u043e\u043b\u043e\u0432\u043d\u0430\",\"item\":\"https:\/\/maysternyachuda.com\/\"},{\"@type\":\"ListItem\",\"position\":2,\"name\":\"Regulamin sklepu\"}]},{\"@type\":\"WebSite\",\"@id\":\"https:\/\/maysternyachuda.com\/#website\",\"url\":\"https:\/\/maysternyachuda.com\/\",\"name\":\"\u041c\u0430\u0439\u0441\u0442\u0435\u0440\u043d\u044f \u0427\u0443\u0434\u0430\",\"description\":\"\u041a\u0440\u0438\u0436\u043c\u0438 \u0412\u0430\u0440\u0448\u0430\u0432\u0430\",\"potentialAction\":[{\"@type\":\"SearchAction\",\"target\":{\"@type\":\"EntryPoint\",\"urlTemplate\":\"https:\/\/maysternyachuda.com\/?s={search_term_string}\"},\"query-input\":{\"@type\":\"PropertyValueSpecification\",\"valueRequired\":true,\"valueName\":\"search_term_string\"}}],\"inLanguage\":\"en-US\"}]}<\/script>\n<!-- \/ Yoast SEO plugin. -->","yoast_head_json":{"title":"Regulamin sklepu - \u041c\u0430\u0439\u0441\u0442\u0435\u0440\u043d\u044f \u0427\u0443\u0434\u0430","robots":{"index":"index","follow":"follow","max-snippet":"max-snippet:-1","max-image-preview":"max-image-preview:large","max-video-preview":"max-video-preview:-1"},"canonical":"https:\/\/maysternyachuda.com\/en\/regulaminy\/","og_locale":"en_US","og_type":"article","og_title":"Regulamin sklepu - \u041c\u0430\u0439\u0441\u0442\u0435\u0440\u043d\u044f \u0427\u0443\u0434\u0430","og_description":"Regulamin sklepu internetowego Maysternya Chuda 1. Postanowienia og\u00f3lne Sklep internetowy dost\u0119pny pod adresem https:\/\/maysternyachuda.com prowadzony jest przez:Maysternya Chuda Oleksandra Bunoul. Przednia 9\/1, 02-433 Warszawa, PolskaNIP: 5223352193e-mail: maysternya.chuda@gmail.comtel.: +48 574 081 381 Niniejszy Regulamin okre\u015bla zasady korzystania ze Sklepu, sk\u0142adania zam\u00f3wie\u0144, realizacji um\u00f3w sprzeda\u017cy oraz prawa i obowi\u0105zki Klient\u00f3w i Sprzedawcy. Sklep prowadzi sprzeda\u017c detaliczn\u0105 za [&hellip;]","og_url":"https:\/\/maysternyachuda.com\/en\/regulaminy\/","og_site_name":"\u041c\u0430\u0439\u0441\u0442\u0435\u0440\u043d\u044f \u0427\u0443\u0434\u0430","article_modified_time":"2026-01-30T18:20:55+00:00","twitter_card":"summary_large_image","twitter_misc":{"Est. reading time":"2 minutes"},"schema":{"@context":"https:\/\/schema.org","@graph":[{"@type":"WebPage","@id":"https:\/\/maysternyachuda.com\/regulaminy\/","url":"https:\/\/maysternyachuda.com\/regulaminy\/","name":"Regulamin sklepu - \u041c\u0430\u0439\u0441\u0442\u0435\u0440\u043d\u044f \u0427\u0443\u0434\u0430","isPartOf":{"@id":"https:\/\/maysternyachuda.com\/#website"},"datePublished":"2018-10-15T02:26:16+00:00","dateModified":"2026-01-30T18:20:55+00:00","breadcrumb":{"@id":"https:\/\/maysternyachuda.com\/regulaminy\/#breadcrumb"},"inLanguage":"en-US","potentialAction":[{"@type":"ReadAction","target":["https:\/\/maysternyachuda.com\/regulaminy\/"]}]},{"@type":"BreadcrumbList","@id":"https:\/\/maysternyachuda.com\/regulaminy\/#breadcrumb","itemListElement":[{"@type":"ListItem","position":1,"name":"\u0413\u043e\u043b\u043e\u0432\u043d\u0430","item":"https:\/\/maysternyachuda.com\/"},{"@type":"ListItem","position":2,"name":"Regulamin sklepu"}]},{"@type":"WebSite","@id":"https:\/\/maysternyachuda.com\/#website","url":"https:\/\/maysternyachuda.com\/","name":"\u041c\u0430\u0439\u0441\u0442\u0435\u0440\u043d\u044f \u0427\u0443\u0434\u0430","description":"\u041a\u0440\u0438\u0436\u043c\u0438 \u0412\u0430\u0440\u0448\u0430\u0432\u0430","potentialAction":[{"@type":"SearchAction","target":{"@type":"EntryPoint","urlTemplate":"https:\/\/maysternyachuda.com\/?s={search_term_string}"},"query-input":{"@type":"PropertyValueSpecification","valueRequired":true,"valueName":"search_term_string"}}],"inLanguage":"en-US"}]}},"_links":{"self":[{"href":"https:\/\/maysternyachuda.com\/en\/wp-json\/wp\/v2\/pages\/3697","targetHints":{"allow":["GET"]}}],"collection":[{"href":"https:\/\/maysternyachuda.com\/en\/wp-json\/wp\/v2\/pages"}],"about":[{"href":"https:\/\/maysternyachuda.com\/en\/wp-json\/wp\/v2\/types\/page"}],"author":[{"embeddable":true,"href":"https:\/\/maysternyachuda.com\/en\/wp-json\/wp\/v2\/users\/1"}],"replies":[{"embeddable":true,"href":"https:\/\/maysternyachuda.com\/en\/wp-json\/wp\/v2\/comments?post=3697"}],"version-history":[{"count":1,"href":"https:\/\/maysternyachuda.com\/en\/wp-json\/wp\/v2\/pages\/3697\/revisions"}],"predecessor-version":[{"id":4158,"href":"https:\/\/maysternyachuda.com\/en\/wp-json\/wp\/v2\/pages\/3697\/revisions\/4158"}],"wp:attachment":[{"href":"https:\/\/maysternyachuda.com\/en\/wp-json\/wp\/v2\/media?parent=3697"}],"curies":[{"name":"wp","href":"https:\/\/api.w.org\/{rel}","templated":true}]}}