{"id":3,"date":"2026-01-25T18:53:43","date_gmt":"2026-01-25T18:53:43","guid":{"rendered":"http:\/\/maysternyachuda.com\/?page_id=3"},"modified":"2026-01-30T18:31:40","modified_gmt":"2026-01-30T17:31:40","slug":"privacy-policy-main","status":"publish","type":"page","link":"https:\/\/maysternyachuda.com\/pl\/privacy-policy-main\/","title":{"rendered":"Polityka dotycz\u0105ca jako\u015bci wody"},"content":{"rendered":"<h4 class=\"wp-block-heading\">Niniejsza Polityka prywatno\u015bci okre\u015bla zasady przetwarzania i ochrony danych osobowych U\u017cytkownik\u00f3w korzystaj\u0105cych ze sklepu internetowego <strong>Maysternya Chuda<\/strong>, prowadzonego na platformie WordPress (dalej: \u201eSklep\u201d).<\/h4>\r\n\r\n\r\n\r\n<h3 class=\"wp-block-heading\">1. Administrator danych osobowych<\/h3>\r\n\r\n\r\n\r\n<p>Administratorem danych osobowych jest:<br \/><strong>Maysternya Chuda Oleksandra Buno<\/strong><br \/>NIP: 5223352193<br \/>Adres e-mail: <strong><a>maysternya.chuda@gmail.com<\/a><\/strong><\/p>\r\n\r\n\r\n\r\n<p>Administrator przetwarza dane osobowe zgodnie z Rozporz\u0105dzeniem Parlamentu Europejskiego i Rady (UE) 2016\/679 (RODO).<\/p>\r\n\r\n\r\n\r\n<h3 class=\"wp-block-heading\">2. Zakres zbieranych danych osobowych<\/h3>\r\n\r\n\r\n\r\n<p>Sklep mo\u017ce zbiera\u0107 nast\u0119puj\u0105ce dane osobowe:<\/p>\r\n\r\n\r\n\r\n<ul class=\"wp-block-list\">\r\n<li>imi\u0119 i nazwisko,<\/li>\r\n\r\n\r\n\r\n<li>adres zamieszkania \/ adres dostawy,<\/li>\r\n\r\n\r\n\r\n<li>adres e-mail,<\/li>\r\n\r\n\r\n\r\n<li>numer telefonu,<\/li>\r\n\r\n\r\n\r\n<li>dane dotycz\u0105ce zam\u00f3wie\u0144,<\/li>\r\n\r\n\r\n\r\n<li>dane p\u0142atnicze (przetwarzane wy\u0142\u0105cznie przez operator\u00f3w p\u0142atno\u015bci),<\/li>\r\n\r\n\r\n\r\n<li>adres IP oraz dane techniczne i cookies.<\/li>\r\n<\/ul>\r\n\r\n\r\n\r\n<h3 class=\"wp-block-heading\">3. Cele przetwarzania danych<\/h3>\r\n\r\n\r\n\r\n<p>Dane osobowe przetwarzane s\u0105 w celu:<\/p>\r\n\r\n\r\n\r\n<ul class=\"wp-block-list\">\r\n<li>realizacji zam\u00f3wie\u0144,<\/li>\r\n\r\n\r\n\r\n<li>obs\u0142ugi p\u0142atno\u015bci online,<\/li>\r\n\r\n\r\n\r\n<li>dostawy produkt\u00f3w,<\/li>\r\n\r\n\r\n\r\n<li>kontaktu z Klientem,<\/li>\r\n\r\n\r\n\r\n<li>prowadzenia dokumentacji ksi\u0119gowej i podatkowej,<\/li>\r\n\r\n\r\n\r\n<li>poprawy funkcjonowania Sklepu,<\/li>\r\n\r\n\r\n\r\n<li>realizacji obowi\u0105zk\u00f3w prawnych.<\/li>\r\n<\/ul>\r\n\r\n\r\n\r\n<h3 class=\"wp-block-heading\">4. Podstawa prawna<\/h3>\r\n\r\n\r\n\r\n<p>Dane przetwarzane s\u0105 na podstawie:<\/p>\r\n\r\n\r\n\r\n<ul class=\"wp-block-list\">\r\n<li>zgody U\u017cytkownika,<\/li>\r\n\r\n\r\n\r\n<li>wykonania umowy sprzeda\u017cy,<\/li>\r\n\r\n\r\n\r\n<li>obowi\u0105zk\u00f3w prawnych Administratora,<\/li>\r\n\r\n\r\n\r\n<li>prawnie uzasadnionego interesu Administratora.<\/li>\r\n<\/ul>\r\n\r\n\r\n\r\n<h3 class=\"wp-block-heading\">5. Przekazywanie danych podmiotom trzecim<\/h3>\r\n\r\n\r\n\r\n<p>Dane osobowe mog\u0105 by\u0107 przekazywane wy\u0142\u0105cznie w zakresie niezb\u0119dnym do realizacji zam\u00f3wienia, w szczeg\u00f3lno\u015bci:<\/p>\r\n\r\n\r\n\r\n<p><strong>Operatorzy p\u0142atno\u015bci:<\/strong><\/p>\r\n\r\n\r\n\r\n<ul class=\"wp-block-list\">\r\n<li><strong>PayU S.A.<\/strong> (Pozna\u0144)<\/li>\r\n\r\n\r\n\r\n<li><strong>PayPal (Europe) S.\u00e0 r.l. et Cie, S.C.A.<\/strong><\/li>\r\n\r\n\r\n\r\n<li><strong>Stripe Payments Europe, Ltd.<\/strong><\/li>\r\n<\/ul>\r\n\r\n\r\n\r\n<p>Dane p\u0142atnicze s\u0105 przetwarzane bezpo\u015brednio przez operator\u00f3w p\u0142atno\u015bci zgodnie z ich w\u0142asnymi politykami prywatno\u015bci.<\/p>\r\n\r\n\r\n\r\n<p>Ponadto dane mog\u0105 by\u0107 przekazywane firmom kurierskim, biuru rachunkowemu oraz dostawcom us\u0142ug IT i hostingowych.<\/p>\r\n\r\n\r\n\r\n<h3 class=\"wp-block-heading\">6. Okres przechowywania danych<\/h3>\r\n\r\n\r\n\r\n<p>Dane osobowe przechowywane s\u0105:<\/p>\r\n\r\n\r\n\r\n<ul class=\"wp-block-list\">\r\n<li>przez czas realizacji zam\u00f3wienia,<\/li>\r\n\r\n\r\n\r\n<li>przez okres wymagany przepisami prawa,<\/li>\r\n\r\n\r\n\r\n<li>do momentu cofni\u0119cia zgody (je\u015bli nie istnieje inna podstawa prawna).<\/li>\r\n<\/ul>\r\n\r\n\r\n\r\n<h3 class=\"wp-block-heading\">7. Prawa U\u017cytkownika<\/h3>\r\n\r\n\r\n\r\n<p>U\u017cytkownik ma prawo do:<\/p>\r\n\r\n\r\n\r\n<ul class=\"wp-block-list\">\r\n<li>dost\u0119pu do danych,<\/li>\r\n\r\n\r\n\r\n<li>ich sprostowania,<\/li>\r\n\r\n\r\n\r\n<li>usuni\u0119cia danych,<\/li>\r\n\r\n\r\n\r\n<li>ograniczenia przetwarzania,<\/li>\r\n\r\n\r\n\r\n<li>wniesienia sprzeciwu,<\/li>\r\n\r\n\r\n\r\n<li>przenoszenia danych,<\/li>\r\n\r\n\r\n\r\n<li>cofni\u0119cia zgody,<\/li>\r\n\r\n\r\n\r\n<li>wniesienia skargi do Prezesa UODO.<\/li>\r\n<\/ul>\r\n\r\n\r\n\r\n<h3 class=\"wp-block-heading\">8. Pliki cookies<\/h3>\r\n\r\n\r\n\r\n<p>Sklep wykorzystuje pliki cookies w celu:<\/p>\r\n\r\n\r\n\r\n<ul class=\"wp-block-list\">\r\n<li>prawid\u0142owego dzia\u0142ania strony,<\/li>\r\n\r\n\r\n\r\n<li>analizy statystyk,<\/li>\r\n\r\n\r\n\r\n<li>zapami\u0119tywania preferencji U\u017cytkownika.<\/li>\r\n<\/ul>\r\n\r\n\r\n\r\n<h3 class=\"wp-block-heading\">9. Bezpiecze\u0144stwo danych<\/h3>\r\n\r\n\r\n\r\n<p>Administrator stosuje \u015brodki techniczne i organizacyjne, w tym certyfikat SSL oraz zabezpieczenia WordPress.<\/p>\r\n\r\n\r\n\r\n<h3 class=\"wp-block-heading\">10. Zmiany w Polityce prywatno\u015bci<\/h3>\r\n\r\n\r\n\r\n<p>Administrator zastrzega sobie prawo do wprowadzania zmian. Aktualna wersja dokumentu jest zawsze dost\u0119pna na stronie Sklepu.<\/p>\r\n\r\n\r\n\r\n<h3 class=\"wp-block-heading\">11. Kontakt<\/h3>\r\n\r\n\r\n\r\n<p>W sprawach zwi\u0105zanych z ochron\u0105 danych osobowych prosimy o kontakt:<br \/>\ud83d\udce7 <strong><a>maysternya.chuda@gmail.com<\/a><\/strong><\/p>\r\n\r\n\r\n\r\n<p>&nbsp;<\/p>","protected":false},"excerpt":{"rendered":"<p>Niniejsza Polityka prywatno\u015bci okre\u015bla zasady przetwarzania i ochrony danych osobowych U\u017cytkownik\u00f3w korzystaj\u0105cych ze sklepu internetowego Maysternya Chuda, prowadzonego na platformie WordPress (dalej: \u201eSklep\u201d). 1. Administrator danych osobowych Administratorem danych osobowych jest:Maysternya Chuda Oleksandra BunoNIP: 5223352193Adres e-mail: maysternya.chuda@gmail.com Administrator przetwarza dane osobowe zgodnie z Rozporz\u0105dzeniem Parlamentu Europejskiego i Rady (UE) 2016\/679 (RODO). 2. Zakres zbieranych danych [&hellip;]<\/p>","protected":false},"author":1,"featured_media":0,"parent":0,"menu_order":0,"comment_status":"closed","ping_status":"open","template":"","meta":{"footnotes":""},"class_list":["post-3","page","type-page","status-publish","hentry"],"yoast_head":"<!-- This site is optimized with the Yoast SEO plugin v26.9 - https:\/\/yoast.com\/product\/yoast-seo-wordpress\/ -->\n<title>Polityka prywatno\u015bci - \u041c\u0430\u0439\u0441\u0442\u0435\u0440\u043d\u044f \u0427\u0443\u0434\u0430<\/title>\n<meta name=\"robots\" content=\"index, follow, max-snippet:-1, max-image-preview:large, max-video-preview:-1\" \/>\n<link rel=\"canonical\" href=\"https:\/\/maysternyachuda.com\/pl\/privacy-policy-main\/\" \/>\n<meta property=\"og:locale\" content=\"pl_PL\" \/>\n<meta property=\"og:type\" content=\"article\" \/>\n<meta property=\"og:title\" content=\"Polityka prywatno\u015bci - \u041c\u0430\u0439\u0441\u0442\u0435\u0440\u043d\u044f \u0427\u0443\u0434\u0430\" \/>\n<meta property=\"og:description\" content=\"Niniejsza Polityka prywatno\u015bci okre\u015bla zasady przetwarzania i ochrony danych osobowych U\u017cytkownik\u00f3w korzystaj\u0105cych ze sklepu internetowego Maysternya Chuda, prowadzonego na platformie WordPress (dalej: \u201eSklep\u201d). 1. Administrator danych osobowych Administratorem danych osobowych jest:Maysternya Chuda Oleksandra BunoNIP: 5223352193Adres e-mail: maysternya.chuda@gmail.com Administrator przetwarza dane osobowe zgodnie z Rozporz\u0105dzeniem Parlamentu Europejskiego i Rady (UE) 2016\/679 (RODO). 2. Zakres zbieranych danych [&hellip;]\" \/>\n<meta property=\"og:url\" content=\"https:\/\/maysternyachuda.com\/pl\/privacy-policy-main\/\" \/>\n<meta property=\"og:site_name\" content=\"\u041c\u0430\u0439\u0441\u0442\u0435\u0440\u043d\u044f \u0427\u0443\u0434\u0430\" \/>\n<meta property=\"article:modified_time\" content=\"2026-01-30T17:31:40+00:00\" \/>\n<meta name=\"twitter:card\" content=\"summary_large_image\" \/>\n<meta name=\"twitter:label1\" content=\"Szacowany czas czytania\" \/>\n\t<meta name=\"twitter:data1\" content=\"2 minuty\" \/>\n<script type=\"application\/ld+json\" class=\"yoast-schema-graph\">{\"@context\":\"https:\/\/schema.org\",\"@graph\":[{\"@type\":\"WebPage\",\"@id\":\"https:\/\/maysternyachuda.com\/privacy-policy-main\/\",\"url\":\"https:\/\/maysternyachuda.com\/privacy-policy-main\/\",\"name\":\"Polityka prywatno\u015bci - \u041c\u0430\u0439\u0441\u0442\u0435\u0440\u043d\u044f \u0427\u0443\u0434\u0430\",\"isPartOf\":{\"@id\":\"https:\/\/maysternyachuda.com\/#website\"},\"datePublished\":\"2026-01-25T18:53:43+00:00\",\"dateModified\":\"2026-01-30T17:31:40+00:00\",\"breadcrumb\":{\"@id\":\"https:\/\/maysternyachuda.com\/privacy-policy-main\/#breadcrumb\"},\"inLanguage\":\"pl-PL\",\"potentialAction\":[{\"@type\":\"ReadAction\",\"target\":[\"https:\/\/maysternyachuda.com\/privacy-policy-main\/\"]}]},{\"@type\":\"BreadcrumbList\",\"@id\":\"https:\/\/maysternyachuda.com\/privacy-policy-main\/#breadcrumb\",\"itemListElement\":[{\"@type\":\"ListItem\",\"position\":1,\"name\":\"\u0413\u043e\u043b\u043e\u0432\u043d\u0430\",\"item\":\"https:\/\/maysternyachuda.com\/\"},{\"@type\":\"ListItem\",\"position\":2,\"name\":\"Polityka prywatno\u015bci\"}]},{\"@type\":\"WebSite\",\"@id\":\"https:\/\/maysternyachuda.com\/#website\",\"url\":\"https:\/\/maysternyachuda.com\/\",\"name\":\"\u041c\u0430\u0439\u0441\u0442\u0435\u0440\u043d\u044f \u0427\u0443\u0434\u0430\",\"description\":\"\u041a\u0440\u0438\u0436\u043c\u0438 \u0412\u0430\u0440\u0448\u0430\u0432\u0430\",\"potentialAction\":[{\"@type\":\"SearchAction\",\"target\":{\"@type\":\"EntryPoint\",\"urlTemplate\":\"https:\/\/maysternyachuda.com\/?s={search_term_string}\"},\"query-input\":{\"@type\":\"PropertyValueSpecification\",\"valueRequired\":true,\"valueName\":\"search_term_string\"}}],\"inLanguage\":\"pl-PL\"}]}<\/script>\n<!-- \/ Yoast SEO plugin. -->","yoast_head_json":{"title":"Polityka prywatno\u015bci - \u041c\u0430\u0439\u0441\u0442\u0435\u0440\u043d\u044f \u0427\u0443\u0434\u0430","robots":{"index":"index","follow":"follow","max-snippet":"max-snippet:-1","max-image-preview":"max-image-preview:large","max-video-preview":"max-video-preview:-1"},"canonical":"https:\/\/maysternyachuda.com\/pl\/privacy-policy-main\/","og_locale":"pl_PL","og_type":"article","og_title":"Polityka prywatno\u015bci - \u041c\u0430\u0439\u0441\u0442\u0435\u0440\u043d\u044f \u0427\u0443\u0434\u0430","og_description":"Niniejsza Polityka prywatno\u015bci okre\u015bla zasady przetwarzania i ochrony danych osobowych U\u017cytkownik\u00f3w korzystaj\u0105cych ze sklepu internetowego Maysternya Chuda, prowadzonego na platformie WordPress (dalej: \u201eSklep\u201d). 1. Administrator danych osobowych Administratorem danych osobowych jest:Maysternya Chuda Oleksandra BunoNIP: 5223352193Adres e-mail: maysternya.chuda@gmail.com Administrator przetwarza dane osobowe zgodnie z Rozporz\u0105dzeniem Parlamentu Europejskiego i Rady (UE) 2016\/679 (RODO). 2. Zakres zbieranych danych [&hellip;]","og_url":"https:\/\/maysternyachuda.com\/pl\/privacy-policy-main\/","og_site_name":"\u041c\u0430\u0439\u0441\u0442\u0435\u0440\u043d\u044f \u0427\u0443\u0434\u0430","article_modified_time":"2026-01-30T17:31:40+00:00","twitter_card":"summary_large_image","twitter_misc":{"Szacowany czas czytania":"2 minuty"},"schema":{"@context":"https:\/\/schema.org","@graph":[{"@type":"WebPage","@id":"https:\/\/maysternyachuda.com\/privacy-policy-main\/","url":"https:\/\/maysternyachuda.com\/privacy-policy-main\/","name":"Polityka prywatno\u015bci - \u041c\u0430\u0439\u0441\u0442\u0435\u0440\u043d\u044f \u0427\u0443\u0434\u0430","isPartOf":{"@id":"https:\/\/maysternyachuda.com\/#website"},"datePublished":"2026-01-25T18:53:43+00:00","dateModified":"2026-01-30T17:31:40+00:00","breadcrumb":{"@id":"https:\/\/maysternyachuda.com\/privacy-policy-main\/#breadcrumb"},"inLanguage":"pl-PL","potentialAction":[{"@type":"ReadAction","target":["https:\/\/maysternyachuda.com\/privacy-policy-main\/"]}]},{"@type":"BreadcrumbList","@id":"https:\/\/maysternyachuda.com\/privacy-policy-main\/#breadcrumb","itemListElement":[{"@type":"ListItem","position":1,"name":"\u0413\u043e\u043b\u043e\u0432\u043d\u0430","item":"https:\/\/maysternyachuda.com\/"},{"@type":"ListItem","position":2,"name":"Polityka prywatno\u015bci"}]},{"@type":"WebSite","@id":"https:\/\/maysternyachuda.com\/#website","url":"https:\/\/maysternyachuda.com\/","name":"\u041c\u0430\u0439\u0441\u0442\u0435\u0440\u043d\u044f \u0427\u0443\u0434\u0430","description":"\u041a\u0440\u0438\u0436\u043c\u0438 \u0412\u0430\u0440\u0448\u0430\u0432\u0430","potentialAction":[{"@type":"SearchAction","target":{"@type":"EntryPoint","urlTemplate":"https:\/\/maysternyachuda.com\/?s={search_term_string}"},"query-input":{"@type":"PropertyValueSpecification","valueRequired":true,"valueName":"search_term_string"}}],"inLanguage":"pl-PL"}]}},"_links":{"self":[{"href":"https:\/\/maysternyachuda.com\/pl\/wp-json\/wp\/v2\/pages\/3","targetHints":{"allow":["GET"]}}],"collection":[{"href":"https:\/\/maysternyachuda.com\/pl\/wp-json\/wp\/v2\/pages"}],"about":[{"href":"https:\/\/maysternyachuda.com\/pl\/wp-json\/wp\/v2\/types\/page"}],"author":[{"embeddable":true,"href":"https:\/\/maysternyachuda.com\/pl\/wp-json\/wp\/v2\/users\/1"}],"replies":[{"embeddable":true,"href":"https:\/\/maysternyachuda.com\/pl\/wp-json\/wp\/v2\/comments?post=3"}],"version-history":[{"count":2,"href":"https:\/\/maysternyachuda.com\/pl\/wp-json\/wp\/v2\/pages\/3\/revisions"}],"predecessor-version":[{"id":4149,"href":"https:\/\/maysternyachuda.com\/pl\/wp-json\/wp\/v2\/pages\/3\/revisions\/4149"}],"wp:attachment":[{"href":"https:\/\/maysternyachuda.com\/pl\/wp-json\/wp\/v2\/media?parent=3"}],"curies":[{"name":"wp","href":"https:\/\/api.w.org\/{rel}","templated":true}]}}