{"id":3862,"date":"2025-01-25T22:12:39","date_gmt":"2025-01-25T21:12:39","guid":{"rendered":"https:\/\/maysternyachuda.com\/product\/%d0%ba%d0%be%d0%bc%d0%bf%d0%bb%d0%b5%d0%ba%d1%82-%d0%b4%d0%bb%d1%8f-%d1%85%d1%80%d0%b5%d1%89%d0%b5%d0%bd%d0%bd%d1%8f-3\/"},"modified":"2026-03-06T19:35:43","modified_gmt":"2026-03-06T18:35:43","slug":"%d0%ba%d0%be%d0%bc%d0%bf%d0%bb%d0%b5%d0%ba%d1%82-%d0%b4%d0%bb%d1%8f-%d1%85%d1%80%d0%b5%d1%89%d0%b5%d0%bd%d0%bd%d1%8f-3","status":"publish","type":"product","link":"https:\/\/maysternyachuda.com\/pl\/produkt\/%d0%ba%d0%be%d0%bc%d0%bf%d0%bb%d0%b5%d0%ba%d1%82-%d0%b4%d0%bb%d1%8f-%d1%85%d1%80%d0%b5%d1%89%d0%b5%d0%bd%d0%bd%d1%8f-3\/","title":{"rendered":"Kryzhma \u201cNative Canvas\u201d"},"content":{"rendered":"<p><span style=\"color: #222222; font-family: Arial, Helvetica, sans-serif; font-size: small; background-color: #ffffff;\">Ekskluzywny, stylowy krzy\u017c w kolorze be\u017cowym, najwy\u017cszej jako\u015bci, wykonany indywidualnie z Twoim imieniem i dat\u0105 (chrztu lub urodzenia)<\/span><span style=\"color: #222222; font-family: Arial, Helvetica, sans-serif; font-size: small; background-color: #ffffff;\">. <\/span><\/p>\n<p><span style=\"color: #222222; font-family: Arial, Helvetica, sans-serif; font-size: small; background-color: #ffffff;\">Tekstura jest bardzo przyjemna i mi\u0119kka w dotyku, zapewnia dziecku komfort i przytulno\u015b\u0107, dobrze wch\u0142ania wilgo\u0107.<\/span><\/p>\n<p><span style=\"color: #222222; font-family: Arial, Helvetica, sans-serif; font-size: small; background-color: #ffffff;\">Do szycia stosuje si\u0119 dwie warstwy materia\u0142u (materia\u0142 waflowy jako baz\u0119 oraz podszewk\u0119 z cienkiej bawe\u0142nianej popeliny), ty\u0142 zdobiony jest <\/span><span style=\"color: #222222; font-family: Arial, Helvetica, sans-serif; font-size: small; background-color: #ffffff;\">\u0431\u0430\u0432\u043e\u0432\u043d\u044f\u043d\u043e\u044e \u0431<\/span><span style=\"color: #222222; font-family: Arial, Helvetica, sans-serif; font-size: small; background-color: #ffffff;\">grzywka, kt\u00f3ra dodaje wyj\u0105tkowego, etnicznego wygl\u0105du.<\/span><span style=\"color: #222222; font-family: Arial, Helvetica, sans-serif; font-size: small; background-color: #ffffff;\"> Z\u0142ota ni\u0107, b\u0142yszcz\u0105ca w s\u0142o\u0144cu i pe\u0142na wdzi\u0119ku <\/span><span style=\"color: #222222; font-family: Arial, Helvetica, sans-serif; font-size: small; background-color: #ffffff;\">Wyj\u0105tkowo\u015b\u0107 zdobi haftowany wz\u00f3r. <\/span><span style=\"color: #222222; font-family: Arial, Helvetica, sans-serif; font-size: small; background-color: #ffffff;\">Dobre na ka\u017cd\u0105 pogod\u0119.<\/span><\/p>\n<p><span style=\"color: #222222; font-family: Arial, Helvetica, sans-serif; font-size: small; background-color: #ffffff;\">Rozmiar wynosi 100\/100 cm, co pozwala na ca\u0142kowite otulenie dziecka.<\/span><\/p>\n<p><span style=\"color: #222222; font-family: Arial, Helvetica, sans-serif; font-size: small; background-color: #ffffff;\">Na krzy\u017cu znajduje si\u0119 haft - krzy\u017c, go\u0142\u0119bie, imi\u0119 i data (<\/span><span style=\"background-color: #ffffff; color: #222222; font-family: Arial, Helvetica, sans-serif; font-size: small;\">chrzest lub narodziny).<\/span><\/p>\n<p><br style=\"color: #222222; font-family: Arial, Helvetica, sans-serif; font-size: small; background-color: #ffffff;\" \/><span style=\"color: #222222; font-family: Arial, Helvetica, sans-serif; font-size: small; background-color: #ffffff;\">Je\u015bli szukasz wyj\u0105tkowego dodatku na sakrament chrztu, to ten krzy\u017c b\u0119dzie idealnym wyborem, kt\u00f3ry stanie si\u0119 nie tylko symbolem wa\u017cnej daty, ale tak\u017ce bezcenn\u0105 pami\u0105tk\u0105. <\/span><span style=\"color: #222222; font-family: Arial, Helvetica, sans-serif; font-size: small; background-color: #ffffff;\">na ca\u0142e \u017cycie, dla Ciebie i dziecka.<\/span><\/p>\n<p><br style=\"color: #222222; font-family: Arial, Helvetica, sans-serif; font-size: small; background-color: #ffffff;\" \/><span style=\"color: #222222; font-family: Arial, Helvetica, sans-serif; font-size: small; background-color: #ffffff;\">Podczas dokonywania p\u0142atno\u015bci nale\u017cy poda\u0107 numer zam\u00f3wienia znajduj\u0105cy si\u0119 na paragonie.<\/span><\/p>","protected":false},"excerpt":{"rendered":"<p>Tabliczka chrzcielna Bohho Beige<\/p>\n<p>&nbsp;<\/p>","protected":false},"featured_media":3861,"comment_status":"open","ping_status":"closed","template":"","meta":[],"product_brand":[],"product_cat":[81],"product_tag":[],"class_list":{"0":"post-3862","1":"product","2":"type-product","3":"status-publish","4":"has-post-thumbnail","6":"product_cat-kryzhmy","8":"first","9":"onbackorder","10":"shipping-taxable","11":"purchasable","12":"product-type-simple"},"yoast_head":"<!-- This site is optimized with the Yoast SEO plugin v26.9 - https:\/\/yoast.com\/product\/yoast-seo-wordpress\/ -->\n<title>\u041a\u0440\u0438\u0436\u043c\u0430 &quot;\u0420\u0456\u0434\u043d\u0435 \u043f\u043e\u043b\u043e\u0442\u043d\u043e&quot; - \u041c\u0430\u0439\u0441\u0442\u0435\u0440\u043d\u044f \u0427\u0443\u0434\u0430<\/title>\n<meta name=\"description\" content=\"\u041a\u0440\u0438\u0436\u043c\u0438 \u0431\u0435\u0436\u0435\u0432\u043e\u0433\u043e \u043a\u043e\u043b\u044c\u043e\u0440\u0443 \u0437\u0430\u0431\u0435\u0437\u043f\u0435\u0447\u0443\u044e\u0442\u044c \u0437\u0430\u0442\u0438\u0448\u043e\u043a \u0456 \u043a\u043e\u043c\u0444\u043e\u0440\u0442 \u0434\u043b\u044f \u0412\u0430\u0448\u043e\u0457 \u0434\u0438\u0442\u0438\u043d\u0438. \u0412\u0456\u0434\u0437\u043d\u0430\u0447\u0442\u0435 \u043e\u0441\u043e\u0431\u043b\u0438\u0432\u0456 \u043c\u043e\u043c\u0435\u043d\u0442\u0438 \u0437\u0430\u043c\u043e\u0432\u043b\u0435\u043d\u043d\u044f\u043c \u0456\u043d\u0434\u0438\u0432\u0456\u0434\u0443\u0430\u043b\u044c\u043d\u043e\u0457 \u043a\u0440\u0438\u0436\u043c\u0438!\" \/>\n<meta name=\"robots\" content=\"index, follow, max-snippet:-1, max-image-preview:large, max-video-preview:-1\" \/>\n<link rel=\"canonical\" href=\"https:\/\/maysternyachuda.com\/pl\/produkt\/\u043a\u043e\u043c\u043f\u043b\u0435\u043a\u0442-\u0434\u043b\u044f-\u0445\u0440\u0435\u0449\u0435\u043d\u043d\u044f-3\/\" \/>\n<meta property=\"og:locale\" content=\"pl_PL\" \/>\n<meta property=\"og:type\" content=\"article\" \/>\n<meta property=\"og:title\" content=\"\u041a\u0440\u0438\u0436\u043c\u0430 &quot;\u0420\u0456\u0434\u043d\u0435 \u043f\u043e\u043b\u043e\u0442\u043d\u043e&quot; - \u041c\u0430\u0439\u0441\u0442\u0435\u0440\u043d\u044f \u0427\u0443\u0434\u0430\" \/>\n<meta property=\"og:description\" content=\"\u041a\u0440\u0438\u0436\u043c\u0438 \u0431\u0435\u0436\u0435\u0432\u043e\u0433\u043e \u043a\u043e\u043b\u044c\u043e\u0440\u0443 \u0437\u0430\u0431\u0435\u0437\u043f\u0435\u0447\u0443\u044e\u0442\u044c \u0437\u0430\u0442\u0438\u0448\u043e\u043a \u0456 \u043a\u043e\u043c\u0444\u043e\u0440\u0442 \u0434\u043b\u044f \u0412\u0430\u0448\u043e\u0457 \u0434\u0438\u0442\u0438\u043d\u0438. \u0412\u0456\u0434\u0437\u043d\u0430\u0447\u0442\u0435 \u043e\u0441\u043e\u0431\u043b\u0438\u0432\u0456 \u043c\u043e\u043c\u0435\u043d\u0442\u0438 \u0437\u0430\u043c\u043e\u0432\u043b\u0435\u043d\u043d\u044f\u043c \u0456\u043d\u0434\u0438\u0432\u0456\u0434\u0443\u0430\u043b\u044c\u043d\u043e\u0457 \u043a\u0440\u0438\u0436\u043c\u0438!\" \/>\n<meta property=\"og:url\" content=\"https:\/\/maysternyachuda.com\/pl\/produkt\/\u043a\u043e\u043c\u043f\u043b\u0435\u043a\u0442-\u0434\u043b\u044f-\u0445\u0440\u0435\u0449\u0435\u043d\u043d\u044f-3\/\" \/>\n<meta property=\"og:site_name\" content=\"\u041c\u0430\u0439\u0441\u0442\u0435\u0440\u043d\u044f \u0427\u0443\u0434\u0430\" \/>\n<meta property=\"article:modified_time\" content=\"2026-03-06T18:35:43+00:00\" \/>\n<meta property=\"og:image\" content=\"http:\/\/maysternyachuda.com\/wp-content\/uploads\/2026\/01\/17-imknyeir-dyh-uoecellh.jpg\" \/>\n\t<meta property=\"og:image:width\" content=\"1106\" \/>\n\t<meta property=\"og:image:height\" content=\"1280\" \/>\n\t<meta property=\"og:image:type\" content=\"image\/jpeg\" \/>\n<meta name=\"twitter:card\" content=\"summary_large_image\" \/>\n<meta name=\"twitter:label1\" content=\"Szacowany czas czytania\" \/>\n\t<meta name=\"twitter:data1\" content=\"1 minuta\" \/>\n<script type=\"application\/ld+json\" class=\"yoast-schema-graph\">{\"@context\":\"https:\/\/schema.org\",\"@graph\":[{\"@type\":\"WebPage\",\"@id\":\"https:\/\/maysternyachuda.com\/product\/%d0%ba%d0%be%d0%bc%d0%bf%d0%bb%d0%b5%d0%ba%d1%82-%d0%b4%d0%bb%d1%8f-%d1%85%d1%80%d0%b5%d1%89%d0%b5%d0%bd%d0%bd%d1%8f-3\/\",\"url\":\"https:\/\/maysternyachuda.com\/product\/%d0%ba%d0%be%d0%bc%d0%bf%d0%bb%d0%b5%d0%ba%d1%82-%d0%b4%d0%bb%d1%8f-%d1%85%d1%80%d0%b5%d1%89%d0%b5%d0%bd%d0%bd%d1%8f-3\/\",\"name\":\"\u041a\u0440\u0438\u0436\u043c\u0430 \\\"\u0420\u0456\u0434\u043d\u0435 \u043f\u043e\u043b\u043e\u0442\u043d\u043e\\\" - \u041c\u0430\u0439\u0441\u0442\u0435\u0440\u043d\u044f \u0427\u0443\u0434\u0430\",\"isPartOf\":{\"@id\":\"https:\/\/maysternyachuda.com\/#website\"},\"primaryImageOfPage\":{\"@id\":\"https:\/\/maysternyachuda.com\/product\/%d0%ba%d0%be%d0%bc%d0%bf%d0%bb%d0%b5%d0%ba%d1%82-%d0%b4%d0%bb%d1%8f-%d1%85%d1%80%d0%b5%d1%89%d0%b5%d0%bd%d0%bd%d1%8f-3\/#primaryimage\"},\"image\":{\"@id\":\"https:\/\/maysternyachuda.com\/product\/%d0%ba%d0%be%d0%bc%d0%bf%d0%bb%d0%b5%d0%ba%d1%82-%d0%b4%d0%bb%d1%8f-%d1%85%d1%80%d0%b5%d1%89%d0%b5%d0%bd%d0%bd%d1%8f-3\/#primaryimage\"},\"thumbnailUrl\":\"https:\/\/maysternyachuda.com\/wp-content\/uploads\/2026\/01\/17-imknyeir-dyh-uoecellh.jpg\",\"datePublished\":\"2025-01-25T21:12:39+00:00\",\"dateModified\":\"2026-03-06T18:35:43+00:00\",\"description\":\"\u041a\u0440\u0438\u0436\u043c\u0438 \u0431\u0435\u0436\u0435\u0432\u043e\u0433\u043e \u043a\u043e\u043b\u044c\u043e\u0440\u0443 \u0437\u0430\u0431\u0435\u0437\u043f\u0435\u0447\u0443\u044e\u0442\u044c \u0437\u0430\u0442\u0438\u0448\u043e\u043a \u0456 \u043a\u043e\u043c\u0444\u043e\u0440\u0442 \u0434\u043b\u044f \u0412\u0430\u0448\u043e\u0457 \u0434\u0438\u0442\u0438\u043d\u0438. \u0412\u0456\u0434\u0437\u043d\u0430\u0447\u0442\u0435 \u043e\u0441\u043e\u0431\u043b\u0438\u0432\u0456 \u043c\u043e\u043c\u0435\u043d\u0442\u0438 \u0437\u0430\u043c\u043e\u0432\u043b\u0435\u043d\u043d\u044f\u043c \u0456\u043d\u0434\u0438\u0432\u0456\u0434\u0443\u0430\u043b\u044c\u043d\u043e\u0457 \u043a\u0440\u0438\u0436\u043c\u0438!\",\"breadcrumb\":{\"@id\":\"https:\/\/maysternyachuda.com\/product\/%d0%ba%d0%be%d0%bc%d0%bf%d0%bb%d0%b5%d0%ba%d1%82-%d0%b4%d0%bb%d1%8f-%d1%85%d1%80%d0%b5%d1%89%d0%b5%d0%bd%d0%bd%d1%8f-3\/#breadcrumb\"},\"inLanguage\":\"pl-PL\",\"potentialAction\":[{\"@type\":\"ReadAction\",\"target\":[\"https:\/\/maysternyachuda.com\/product\/%d0%ba%d0%be%d0%bc%d0%bf%d0%bb%d0%b5%d0%ba%d1%82-%d0%b4%d0%bb%d1%8f-%d1%85%d1%80%d0%b5%d1%89%d0%b5%d0%bd%d0%bd%d1%8f-3\/\"]}]},{\"@type\":\"ImageObject\",\"inLanguage\":\"pl-PL\",\"@id\":\"https:\/\/maysternyachuda.com\/product\/%d0%ba%d0%be%d0%bc%d0%bf%d0%bb%d0%b5%d0%ba%d1%82-%d0%b4%d0%bb%d1%8f-%d1%85%d1%80%d0%b5%d1%89%d0%b5%d0%bd%d0%bd%d1%8f-3\/#primaryimage\",\"url\":\"https:\/\/maysternyachuda.com\/wp-content\/uploads\/2026\/01\/17-imknyeir-dyh-uoecellh.jpg\",\"contentUrl\":\"https:\/\/maysternyachuda.com\/wp-content\/uploads\/2026\/01\/17-imknyeir-dyh-uoecellh.jpg\",\"width\":1106,\"height\":1280},{\"@type\":\"BreadcrumbList\",\"@id\":\"https:\/\/maysternyachuda.com\/product\/%d0%ba%d0%be%d0%bc%d0%bf%d0%bb%d0%b5%d0%ba%d1%82-%d0%b4%d0%bb%d1%8f-%d1%85%d1%80%d0%b5%d1%89%d0%b5%d0%bd%d0%bd%d1%8f-3\/#breadcrumb\",\"itemListElement\":[{\"@type\":\"ListItem\",\"position\":1,\"name\":\"\u0413\u043e\u043b\u043e\u0432\u043d\u0430\",\"item\":\"https:\/\/maysternyachuda.com\/\"},{\"@type\":\"ListItem\",\"position\":2,\"name\":\"\u0412\u0438\u0440\u043e\u0431\u0438\",\"item\":\"https:\/\/maysternyachuda.com\/shop-2\/\"},{\"@type\":\"ListItem\",\"position\":3,\"name\":\"\u041a\u0440\u0438\u0436\u043c\u0430 &#8220;\u0420\u0456\u0434\u043d\u0435 \u043f\u043e\u043b\u043e\u0442\u043d\u043e&#8221;\"}]},{\"@type\":\"WebSite\",\"@id\":\"https:\/\/maysternyachuda.com\/#website\",\"url\":\"https:\/\/maysternyachuda.com\/\",\"name\":\"\u041c\u0430\u0439\u0441\u0442\u0435\u0440\u043d\u044f \u0427\u0443\u0434\u0430\",\"description\":\"\u041a\u0440\u0438\u0436\u043c\u0438 \u0412\u0430\u0440\u0448\u0430\u0432\u0430\",\"potentialAction\":[{\"@type\":\"SearchAction\",\"target\":{\"@type\":\"EntryPoint\",\"urlTemplate\":\"https:\/\/maysternyachuda.com\/?s={search_term_string}\"},\"query-input\":{\"@type\":\"PropertyValueSpecification\",\"valueRequired\":true,\"valueName\":\"search_term_string\"}}],\"inLanguage\":\"pl-PL\"}]}<\/script>\n<!-- \/ Yoast SEO plugin. -->","yoast_head_json":{"title":"\u041a\u0440\u0438\u0436\u043c\u0430 \"\u0420\u0456\u0434\u043d\u0435 \u043f\u043e\u043b\u043e\u0442\u043d\u043e\" - \u041c\u0430\u0439\u0441\u0442\u0435\u0440\u043d\u044f \u0427\u0443\u0434\u0430","description":"\u041a\u0440\u0438\u0436\u043c\u0438 \u0431\u0435\u0436\u0435\u0432\u043e\u0433\u043e \u043a\u043e\u043b\u044c\u043e\u0440\u0443 \u0437\u0430\u0431\u0435\u0437\u043f\u0435\u0447\u0443\u044e\u0442\u044c \u0437\u0430\u0442\u0438\u0448\u043e\u043a \u0456 \u043a\u043e\u043c\u0444\u043e\u0440\u0442 \u0434\u043b\u044f \u0412\u0430\u0448\u043e\u0457 \u0434\u0438\u0442\u0438\u043d\u0438. \u0412\u0456\u0434\u0437\u043d\u0430\u0447\u0442\u0435 \u043e\u0441\u043e\u0431\u043b\u0438\u0432\u0456 \u043c\u043e\u043c\u0435\u043d\u0442\u0438 \u0437\u0430\u043c\u043e\u0432\u043b\u0435\u043d\u043d\u044f\u043c \u0456\u043d\u0434\u0438\u0432\u0456\u0434\u0443\u0430\u043b\u044c\u043d\u043e\u0457 \u043a\u0440\u0438\u0436\u043c\u0438!","robots":{"index":"index","follow":"follow","max-snippet":"max-snippet:-1","max-image-preview":"max-image-preview:large","max-video-preview":"max-video-preview:-1"},"canonical":"https:\/\/maysternyachuda.com\/pl\/produkt\/\u043a\u043e\u043c\u043f\u043b\u0435\u043a\u0442-\u0434\u043b\u044f-\u0445\u0440\u0435\u0449\u0435\u043d\u043d\u044f-3\/","og_locale":"pl_PL","og_type":"article","og_title":"\u041a\u0440\u0438\u0436\u043c\u0430 \"\u0420\u0456\u0434\u043d\u0435 \u043f\u043e\u043b\u043e\u0442\u043d\u043e\" - \u041c\u0430\u0439\u0441\u0442\u0435\u0440\u043d\u044f \u0427\u0443\u0434\u0430","og_description":"\u041a\u0440\u0438\u0436\u043c\u0438 \u0431\u0435\u0436\u0435\u0432\u043e\u0433\u043e \u043a\u043e\u043b\u044c\u043e\u0440\u0443 \u0437\u0430\u0431\u0435\u0437\u043f\u0435\u0447\u0443\u044e\u0442\u044c \u0437\u0430\u0442\u0438\u0448\u043e\u043a \u0456 \u043a\u043e\u043c\u0444\u043e\u0440\u0442 \u0434\u043b\u044f \u0412\u0430\u0448\u043e\u0457 \u0434\u0438\u0442\u0438\u043d\u0438. \u0412\u0456\u0434\u0437\u043d\u0430\u0447\u0442\u0435 \u043e\u0441\u043e\u0431\u043b\u0438\u0432\u0456 \u043c\u043e\u043c\u0435\u043d\u0442\u0438 \u0437\u0430\u043c\u043e\u0432\u043b\u0435\u043d\u043d\u044f\u043c \u0456\u043d\u0434\u0438\u0432\u0456\u0434\u0443\u0430\u043b\u044c\u043d\u043e\u0457 \u043a\u0440\u0438\u0436\u043c\u0438!","og_url":"https:\/\/maysternyachuda.com\/pl\/produkt\/\u043a\u043e\u043c\u043f\u043b\u0435\u043a\u0442-\u0434\u043b\u044f-\u0445\u0440\u0435\u0449\u0435\u043d\u043d\u044f-3\/","og_site_name":"\u041c\u0430\u0439\u0441\u0442\u0435\u0440\u043d\u044f \u0427\u0443\u0434\u0430","article_modified_time":"2026-03-06T18:35:43+00:00","og_image":[{"width":1106,"height":1280,"url":"http:\/\/maysternyachuda.com\/wp-content\/uploads\/2026\/01\/17-imknyeir-dyh-uoecellh.jpg","type":"image\/jpeg"}],"twitter_card":"summary_large_image","twitter_misc":{"Szacowany czas czytania":"1 minuta"},"schema":{"@context":"https:\/\/schema.org","@graph":[{"@type":"WebPage","@id":"https:\/\/maysternyachuda.com\/product\/%d0%ba%d0%be%d0%bc%d0%bf%d0%bb%d0%b5%d0%ba%d1%82-%d0%b4%d0%bb%d1%8f-%d1%85%d1%80%d0%b5%d1%89%d0%b5%d0%bd%d0%bd%d1%8f-3\/","url":"https:\/\/maysternyachuda.com\/product\/%d0%ba%d0%be%d0%bc%d0%bf%d0%bb%d0%b5%d0%ba%d1%82-%d0%b4%d0%bb%d1%8f-%d1%85%d1%80%d0%b5%d1%89%d0%b5%d0%bd%d0%bd%d1%8f-3\/","name":"\u041a\u0440\u0438\u0436\u043c\u0430 \"\u0420\u0456\u0434\u043d\u0435 \u043f\u043e\u043b\u043e\u0442\u043d\u043e\" - \u041c\u0430\u0439\u0441\u0442\u0435\u0440\u043d\u044f \u0427\u0443\u0434\u0430","isPartOf":{"@id":"https:\/\/maysternyachuda.com\/#website"},"primaryImageOfPage":{"@id":"https:\/\/maysternyachuda.com\/product\/%d0%ba%d0%be%d0%bc%d0%bf%d0%bb%d0%b5%d0%ba%d1%82-%d0%b4%d0%bb%d1%8f-%d1%85%d1%80%d0%b5%d1%89%d0%b5%d0%bd%d0%bd%d1%8f-3\/#primaryimage"},"image":{"@id":"https:\/\/maysternyachuda.com\/product\/%d0%ba%d0%be%d0%bc%d0%bf%d0%bb%d0%b5%d0%ba%d1%82-%d0%b4%d0%bb%d1%8f-%d1%85%d1%80%d0%b5%d1%89%d0%b5%d0%bd%d0%bd%d1%8f-3\/#primaryimage"},"thumbnailUrl":"https:\/\/maysternyachuda.com\/wp-content\/uploads\/2026\/01\/17-imknyeir-dyh-uoecellh.jpg","datePublished":"2025-01-25T21:12:39+00:00","dateModified":"2026-03-06T18:35:43+00:00","description":"\u041a\u0440\u0438\u0436\u043c\u0438 \u0431\u0435\u0436\u0435\u0432\u043e\u0433\u043e \u043a\u043e\u043b\u044c\u043e\u0440\u0443 \u0437\u0430\u0431\u0435\u0437\u043f\u0435\u0447\u0443\u044e\u0442\u044c \u0437\u0430\u0442\u0438\u0448\u043e\u043a \u0456 \u043a\u043e\u043c\u0444\u043e\u0440\u0442 \u0434\u043b\u044f \u0412\u0430\u0448\u043e\u0457 \u0434\u0438\u0442\u0438\u043d\u0438. \u0412\u0456\u0434\u0437\u043d\u0430\u0447\u0442\u0435 \u043e\u0441\u043e\u0431\u043b\u0438\u0432\u0456 \u043c\u043e\u043c\u0435\u043d\u0442\u0438 \u0437\u0430\u043c\u043e\u0432\u043b\u0435\u043d\u043d\u044f\u043c \u0456\u043d\u0434\u0438\u0432\u0456\u0434\u0443\u0430\u043b\u044c\u043d\u043e\u0457 \u043a\u0440\u0438\u0436\u043c\u0438!","breadcrumb":{"@id":"https:\/\/maysternyachuda.com\/product\/%d0%ba%d0%be%d0%bc%d0%bf%d0%bb%d0%b5%d0%ba%d1%82-%d0%b4%d0%bb%d1%8f-%d1%85%d1%80%d0%b5%d1%89%d0%b5%d0%bd%d0%bd%d1%8f-3\/#breadcrumb"},"inLanguage":"pl-PL","potentialAction":[{"@type":"ReadAction","target":["https:\/\/maysternyachuda.com\/product\/%d0%ba%d0%be%d0%bc%d0%bf%d0%bb%d0%b5%d0%ba%d1%82-%d0%b4%d0%bb%d1%8f-%d1%85%d1%80%d0%b5%d1%89%d0%b5%d0%bd%d0%bd%d1%8f-3\/"]}]},{"@type":"ImageObject","inLanguage":"pl-PL","@id":"https:\/\/maysternyachuda.com\/product\/%d0%ba%d0%be%d0%bc%d0%bf%d0%bb%d0%b5%d0%ba%d1%82-%d0%b4%d0%bb%d1%8f-%d1%85%d1%80%d0%b5%d1%89%d0%b5%d0%bd%d0%bd%d1%8f-3\/#primaryimage","url":"https:\/\/maysternyachuda.com\/wp-content\/uploads\/2026\/01\/17-imknyeir-dyh-uoecellh.jpg","contentUrl":"https:\/\/maysternyachuda.com\/wp-content\/uploads\/2026\/01\/17-imknyeir-dyh-uoecellh.jpg","width":1106,"height":1280},{"@type":"BreadcrumbList","@id":"https:\/\/maysternyachuda.com\/product\/%d0%ba%d0%be%d0%bc%d0%bf%d0%bb%d0%b5%d0%ba%d1%82-%d0%b4%d0%bb%d1%8f-%d1%85%d1%80%d0%b5%d1%89%d0%b5%d0%bd%d0%bd%d1%8f-3\/#breadcrumb","itemListElement":[{"@type":"ListItem","position":1,"name":"\u0413\u043e\u043b\u043e\u0432\u043d\u0430","item":"https:\/\/maysternyachuda.com\/"},{"@type":"ListItem","position":2,"name":"\u0412\u0438\u0440\u043e\u0431\u0438","item":"https:\/\/maysternyachuda.com\/shop-2\/"},{"@type":"ListItem","position":3,"name":"\u041a\u0440\u0438\u0436\u043c\u0430 &#8220;\u0420\u0456\u0434\u043d\u0435 \u043f\u043e\u043b\u043e\u0442\u043d\u043e&#8221;"}]},{"@type":"WebSite","@id":"https:\/\/maysternyachuda.com\/#website","url":"https:\/\/maysternyachuda.com\/","name":"\u041c\u0430\u0439\u0441\u0442\u0435\u0440\u043d\u044f \u0427\u0443\u0434\u0430","description":"\u041a\u0440\u0438\u0436\u043c\u0438 \u0412\u0430\u0440\u0448\u0430\u0432\u0430","potentialAction":[{"@type":"SearchAction","target":{"@type":"EntryPoint","urlTemplate":"https:\/\/maysternyachuda.com\/?s={search_term_string}"},"query-input":{"@type":"PropertyValueSpecification","valueRequired":true,"valueName":"search_term_string"}}],"inLanguage":"pl-PL"}]}},"_links":{"self":[{"href":"https:\/\/maysternyachuda.com\/pl\/wp-json\/wp\/v2\/product\/3862","targetHints":{"allow":["GET"]}}],"collection":[{"href":"https:\/\/maysternyachuda.com\/pl\/wp-json\/wp\/v2\/product"}],"about":[{"href":"https:\/\/maysternyachuda.com\/pl\/wp-json\/wp\/v2\/types\/product"}],"replies":[{"embeddable":true,"href":"https:\/\/maysternyachuda.com\/pl\/wp-json\/wp\/v2\/comments?post=3862"}],"wp:featuredmedia":[{"embeddable":true,"href":"https:\/\/maysternyachuda.com\/pl\/wp-json\/wp\/v2\/media\/3861"}],"wp:attachment":[{"href":"https:\/\/maysternyachuda.com\/pl\/wp-json\/wp\/v2\/media?parent=3862"}],"wp:term":[{"taxonomy":"product_brand","embeddable":true,"href":"https:\/\/maysternyachuda.com\/pl\/wp-json\/wp\/v2\/product_brand?post=3862"},{"taxonomy":"product_cat","embeddable":true,"href":"https:\/\/maysternyachuda.com\/pl\/wp-json\/wp\/v2\/product_cat?post=3862"},{"taxonomy":"product_tag","embeddable":true,"href":"https:\/\/maysternyachuda.com\/pl\/wp-json\/wp\/v2\/product_tag?post=3862"}],"curies":[{"name":"wp","href":"https:\/\/api.w.org\/{rel}","templated":true}]}}