{"id":3868,"date":"2025-01-25T22:12:42","date_gmt":"2025-01-25T21:12:42","guid":{"rendered":"https:\/\/maysternyachuda.com\/product\/%d0%ba%d1%80%d0%b8%d0%b6%d0%bc%d0%b0-%d1%85%d0%bc%d0%b0%d1%80%d0%b8%d0%bd%d0%ba%d0%b0\/"},"modified":"2026-03-06T19:35:04","modified_gmt":"2026-03-06T18:35:04","slug":"%d0%ba%d1%80%d0%b8%d0%b6%d0%bc%d0%b0-%d1%85%d0%bc%d0%b0%d1%80%d0%b8%d0%bd%d0%ba%d0%b0","status":"publish","type":"product","link":"https:\/\/maysternyachuda.com\/pl\/produkt\/%d0%ba%d1%80%d0%b8%d0%b6%d0%bc%d0%b0-%d1%85%d0%bc%d0%b0%d1%80%d0%b8%d0%bd%d0%ba%d0%b0\/","title":{"rendered":"Kryzhma \u201cCloud\u201d"},"content":{"rendered":"<p>Zimowy otulacz do chrztu jest ciep\u0142y i przytulny jak u\u015bcisk matki, zaprojektowany, aby zapewni\u0107 Twojemu maluszkowi ciep\u0142o nawet w najzimniejsze dni. Jego dwuwarstwowa konstrukcja \u0142\u0105czy mi\u0119kko\u015b\u0107 polaru z delikatno\u015bci\u0105 pluszu, zapewniaj\u0105c komfort i ochron\u0119 przed zimowym ch\u0142odem. Rozmiar 100\/100 cm idealnie nadaje si\u0119 do ca\u0142kowitego otulenia dziecka.<\/p>\n<p>Mi\u0119kkie pompony dodaj\u0105 uroczej, radosnej elegancji, a delikatny srebrny haft podkre\u015bla uroczysty charakter uroczysto\u015bci. Ka\u017cdy detal tej sukni do chrztu zosta\u0142 stworzony z mi\u0142o\u015bci\u0105, aby uczyni\u0107 chrzciny wyj\u0105tkowymi i niezapomnianymi.<\/p>\n<p>Ten kocyk dla dziecka nie tylko zapewni ciep\u0142o i delikatno\u015b\u0107, ale stanie si\u0119 r\u00f3wnie\u017c symbolem b\u0142ogos\u0142awie\u0144stwa i ciep\u0142ych wspomnie\u0144 z wa\u017cnego dnia. Podaruj swojemu maluszkowi komfort i styl w najbardziej uroczystym momencie!<\/p>","protected":false},"excerpt":{"rendered":"<p>Dwuwarstwowa Kryzhma \u201eKhmarinka\u201d.<\/p>\n<p>polar, plusz (bia\u0142y)<\/p>\n<p>100\/100 cm<\/p>","protected":false},"featured_media":3867,"comment_status":"open","ping_status":"closed","template":"","meta":[],"product_brand":[],"product_cat":[81],"product_tag":[],"class_list":{"0":"post-3868","1":"product","2":"type-product","3":"status-publish","4":"has-post-thumbnail","6":"product_cat-kryzhmy","8":"first","9":"onbackorder","10":"shipping-taxable","11":"purchasable","12":"product-type-simple"},"yoast_head":"<!-- This site is optimized with the Yoast SEO plugin v26.9 - https:\/\/yoast.com\/product\/yoast-seo-wordpress\/ -->\n<title>\u041a\u0440\u0438\u0436\u043c\u0430 &quot;\u0425\u043c\u0430\u0440\u0438\u043d\u043a\u0430&quot; - \u041c\u0430\u0439\u0441\u0442\u0435\u0440\u043d\u044f \u0427\u0443\u0434\u0430<\/title>\n<meta name=\"description\" content=\"\u0417\u0431\u0435\u0440\u0456\u0442\u044c \u0443\u0441\u044e \u043a\u0440\u0430\u0441\u0443 \u0442\u0430 \u0437\u0430\u0442\u0438\u0448\u043e\u043a \u0443 \u0437\u0438\u043c\u043e\u0432\u0443 \u043a\u0440\u0438\u0436\u043c\u0443. \u0414\u0432\u043e\u0448\u0430\u0440\u043e\u0432\u0438\u0439 \u0434\u0438\u0437\u0430\u0439\u043d \u043f\u043e\u0434\u0430\u0440\u0443\u0454 \u0432\u0430\u0448\u0456\u0439 \u0434\u0438\u0442\u0438\u043d\u0456 \u043a\u043e\u043c\u0444\u043e\u0440\u0442 \u0442\u0430 \u0437\u0430\u0442\u0438\u0448\u043e\u043a \u0443 \u0445\u043e\u043b\u043e\u0434\u0438.\" \/>\n<meta name=\"robots\" content=\"index, follow, max-snippet:-1, max-image-preview:large, max-video-preview:-1\" \/>\n<link rel=\"canonical\" href=\"https:\/\/maysternyachuda.com\/pl\/produkt\/\u043a\u0440\u0438\u0436\u043c\u0430-\u0445\u043c\u0430\u0440\u0438\u043d\u043a\u0430\/\" \/>\n<meta property=\"og:locale\" content=\"pl_PL\" \/>\n<meta property=\"og:type\" content=\"article\" \/>\n<meta property=\"og:title\" content=\"\u041a\u0440\u0438\u0436\u043c\u0430 &quot;\u0425\u043c\u0430\u0440\u0438\u043d\u043a\u0430&quot; - \u041c\u0430\u0439\u0441\u0442\u0435\u0440\u043d\u044f \u0427\u0443\u0434\u0430\" \/>\n<meta property=\"og:description\" content=\"\u0417\u0431\u0435\u0440\u0456\u0442\u044c \u0443\u0441\u044e \u043a\u0440\u0430\u0441\u0443 \u0442\u0430 \u0437\u0430\u0442\u0438\u0448\u043e\u043a \u0443 \u0437\u0438\u043c\u043e\u0432\u0443 \u043a\u0440\u0438\u0436\u043c\u0443. \u0414\u0432\u043e\u0448\u0430\u0440\u043e\u0432\u0438\u0439 \u0434\u0438\u0437\u0430\u0439\u043d \u043f\u043e\u0434\u0430\u0440\u0443\u0454 \u0432\u0430\u0448\u0456\u0439 \u0434\u0438\u0442\u0438\u043d\u0456 \u043a\u043e\u043c\u0444\u043e\u0440\u0442 \u0442\u0430 \u0437\u0430\u0442\u0438\u0448\u043e\u043a \u0443 \u0445\u043e\u043b\u043e\u0434\u0438.\" \/>\n<meta property=\"og:url\" content=\"https:\/\/maysternyachuda.com\/pl\/produkt\/\u043a\u0440\u0438\u0436\u043c\u0430-\u0445\u043c\u0430\u0440\u0438\u043d\u043a\u0430\/\" \/>\n<meta property=\"og:site_name\" content=\"\u041c\u0430\u0439\u0441\u0442\u0435\u0440\u043d\u044f \u0427\u0443\u0434\u0430\" \/>\n<meta property=\"article:modified_time\" content=\"2026-03-06T18:35:04+00:00\" \/>\n<meta property=\"og:image\" content=\"http:\/\/maysternyachuda.com\/wp-content\/uploads\/2026\/01\/26-iohzka-ukaohlia.jpg\" \/>\n\t<meta property=\"og:image:width\" content=\"960\" \/>\n\t<meta property=\"og:image:height\" content=\"1280\" \/>\n\t<meta property=\"og:image:type\" content=\"image\/jpeg\" \/>\n<meta name=\"twitter:card\" content=\"summary_large_image\" \/>\n<meta name=\"twitter:label1\" content=\"Szacowany czas czytania\" \/>\n\t<meta name=\"twitter:data1\" content=\"1 minuta\" \/>\n<script type=\"application\/ld+json\" class=\"yoast-schema-graph\">{\"@context\":\"https:\/\/schema.org\",\"@graph\":[{\"@type\":\"WebPage\",\"@id\":\"https:\/\/maysternyachuda.com\/product\/%d0%ba%d1%80%d0%b8%d0%b6%d0%bc%d0%b0-%d1%85%d0%bc%d0%b0%d1%80%d0%b8%d0%bd%d0%ba%d0%b0\/\",\"url\":\"https:\/\/maysternyachuda.com\/product\/%d0%ba%d1%80%d0%b8%d0%b6%d0%bc%d0%b0-%d1%85%d0%bc%d0%b0%d1%80%d0%b8%d0%bd%d0%ba%d0%b0\/\",\"name\":\"\u041a\u0440\u0438\u0436\u043c\u0430 \\\"\u0425\u043c\u0430\u0440\u0438\u043d\u043a\u0430\\\" - \u041c\u0430\u0439\u0441\u0442\u0435\u0440\u043d\u044f \u0427\u0443\u0434\u0430\",\"isPartOf\":{\"@id\":\"https:\/\/maysternyachuda.com\/#website\"},\"primaryImageOfPage\":{\"@id\":\"https:\/\/maysternyachuda.com\/product\/%d0%ba%d1%80%d0%b8%d0%b6%d0%bc%d0%b0-%d1%85%d0%bc%d0%b0%d1%80%d0%b8%d0%bd%d0%ba%d0%b0\/#primaryimage\"},\"image\":{\"@id\":\"https:\/\/maysternyachuda.com\/product\/%d0%ba%d1%80%d0%b8%d0%b6%d0%bc%d0%b0-%d1%85%d0%bc%d0%b0%d1%80%d0%b8%d0%bd%d0%ba%d0%b0\/#primaryimage\"},\"thumbnailUrl\":\"https:\/\/maysternyachuda.com\/wp-content\/uploads\/2026\/01\/26-iohzka-ukaohlia.jpg\",\"datePublished\":\"2025-01-25T21:12:42+00:00\",\"dateModified\":\"2026-03-06T18:35:04+00:00\",\"description\":\"\u0417\u0431\u0435\u0440\u0456\u0442\u044c \u0443\u0441\u044e \u043a\u0440\u0430\u0441\u0443 \u0442\u0430 \u0437\u0430\u0442\u0438\u0448\u043e\u043a \u0443 \u0437\u0438\u043c\u043e\u0432\u0443 \u043a\u0440\u0438\u0436\u043c\u0443. \u0414\u0432\u043e\u0448\u0430\u0440\u043e\u0432\u0438\u0439 \u0434\u0438\u0437\u0430\u0439\u043d \u043f\u043e\u0434\u0430\u0440\u0443\u0454 \u0432\u0430\u0448\u0456\u0439 \u0434\u0438\u0442\u0438\u043d\u0456 \u043a\u043e\u043c\u0444\u043e\u0440\u0442 \u0442\u0430 \u0437\u0430\u0442\u0438\u0448\u043e\u043a \u0443 \u0445\u043e\u043b\u043e\u0434\u0438.\",\"breadcrumb\":{\"@id\":\"https:\/\/maysternyachuda.com\/product\/%d0%ba%d1%80%d0%b8%d0%b6%d0%bc%d0%b0-%d1%85%d0%bc%d0%b0%d1%80%d0%b8%d0%bd%d0%ba%d0%b0\/#breadcrumb\"},\"inLanguage\":\"pl-PL\",\"potentialAction\":[{\"@type\":\"ReadAction\",\"target\":[\"https:\/\/maysternyachuda.com\/product\/%d0%ba%d1%80%d0%b8%d0%b6%d0%bc%d0%b0-%d1%85%d0%bc%d0%b0%d1%80%d0%b8%d0%bd%d0%ba%d0%b0\/\"]}]},{\"@type\":\"ImageObject\",\"inLanguage\":\"pl-PL\",\"@id\":\"https:\/\/maysternyachuda.com\/product\/%d0%ba%d1%80%d0%b8%d0%b6%d0%bc%d0%b0-%d1%85%d0%bc%d0%b0%d1%80%d0%b8%d0%bd%d0%ba%d0%b0\/#primaryimage\",\"url\":\"https:\/\/maysternyachuda.com\/wp-content\/uploads\/2026\/01\/26-iohzka-ukaohlia.jpg\",\"contentUrl\":\"https:\/\/maysternyachuda.com\/wp-content\/uploads\/2026\/01\/26-iohzka-ukaohlia.jpg\",\"width\":960,\"height\":1280},{\"@type\":\"BreadcrumbList\",\"@id\":\"https:\/\/maysternyachuda.com\/product\/%d0%ba%d1%80%d0%b8%d0%b6%d0%bc%d0%b0-%d1%85%d0%bc%d0%b0%d1%80%d0%b8%d0%bd%d0%ba%d0%b0\/#breadcrumb\",\"itemListElement\":[{\"@type\":\"ListItem\",\"position\":1,\"name\":\"\u0413\u043e\u043b\u043e\u0432\u043d\u0430\",\"item\":\"https:\/\/maysternyachuda.com\/\"},{\"@type\":\"ListItem\",\"position\":2,\"name\":\"\u0412\u0438\u0440\u043e\u0431\u0438\",\"item\":\"https:\/\/maysternyachuda.com\/shop-2\/\"},{\"@type\":\"ListItem\",\"position\":3,\"name\":\"\u041a\u0440\u0438\u0436\u043c\u0430 &#8220;\u0425\u043c\u0430\u0440\u0438\u043d\u043a\u0430&#8221;\"}]},{\"@type\":\"WebSite\",\"@id\":\"https:\/\/maysternyachuda.com\/#website\",\"url\":\"https:\/\/maysternyachuda.com\/\",\"name\":\"\u041c\u0430\u0439\u0441\u0442\u0435\u0440\u043d\u044f \u0427\u0443\u0434\u0430\",\"description\":\"\u041a\u0440\u0438\u0436\u043c\u0438 \u0412\u0430\u0440\u0448\u0430\u0432\u0430\",\"potentialAction\":[{\"@type\":\"SearchAction\",\"target\":{\"@type\":\"EntryPoint\",\"urlTemplate\":\"https:\/\/maysternyachuda.com\/?s={search_term_string}\"},\"query-input\":{\"@type\":\"PropertyValueSpecification\",\"valueRequired\":true,\"valueName\":\"search_term_string\"}}],\"inLanguage\":\"pl-PL\"}]}<\/script>\n<!-- \/ Yoast SEO plugin. -->","yoast_head_json":{"title":"\u041a\u0440\u0438\u0436\u043c\u0430 \"\u0425\u043c\u0430\u0440\u0438\u043d\u043a\u0430\" - \u041c\u0430\u0439\u0441\u0442\u0435\u0440\u043d\u044f \u0427\u0443\u0434\u0430","description":"\u0417\u0431\u0435\u0440\u0456\u0442\u044c \u0443\u0441\u044e \u043a\u0440\u0430\u0441\u0443 \u0442\u0430 \u0437\u0430\u0442\u0438\u0448\u043e\u043a \u0443 \u0437\u0438\u043c\u043e\u0432\u0443 \u043a\u0440\u0438\u0436\u043c\u0443. \u0414\u0432\u043e\u0448\u0430\u0440\u043e\u0432\u0438\u0439 \u0434\u0438\u0437\u0430\u0439\u043d \u043f\u043e\u0434\u0430\u0440\u0443\u0454 \u0432\u0430\u0448\u0456\u0439 \u0434\u0438\u0442\u0438\u043d\u0456 \u043a\u043e\u043c\u0444\u043e\u0440\u0442 \u0442\u0430 \u0437\u0430\u0442\u0438\u0448\u043e\u043a \u0443 \u0445\u043e\u043b\u043e\u0434\u0438.","robots":{"index":"index","follow":"follow","max-snippet":"max-snippet:-1","max-image-preview":"max-image-preview:large","max-video-preview":"max-video-preview:-1"},"canonical":"https:\/\/maysternyachuda.com\/pl\/produkt\/\u043a\u0440\u0438\u0436\u043c\u0430-\u0445\u043c\u0430\u0440\u0438\u043d\u043a\u0430\/","og_locale":"pl_PL","og_type":"article","og_title":"\u041a\u0440\u0438\u0436\u043c\u0430 \"\u0425\u043c\u0430\u0440\u0438\u043d\u043a\u0430\" - \u041c\u0430\u0439\u0441\u0442\u0435\u0440\u043d\u044f \u0427\u0443\u0434\u0430","og_description":"\u0417\u0431\u0435\u0440\u0456\u0442\u044c \u0443\u0441\u044e \u043a\u0440\u0430\u0441\u0443 \u0442\u0430 \u0437\u0430\u0442\u0438\u0448\u043e\u043a \u0443 \u0437\u0438\u043c\u043e\u0432\u0443 \u043a\u0440\u0438\u0436\u043c\u0443. \u0414\u0432\u043e\u0448\u0430\u0440\u043e\u0432\u0438\u0439 \u0434\u0438\u0437\u0430\u0439\u043d \u043f\u043e\u0434\u0430\u0440\u0443\u0454 \u0432\u0430\u0448\u0456\u0439 \u0434\u0438\u0442\u0438\u043d\u0456 \u043a\u043e\u043c\u0444\u043e\u0440\u0442 \u0442\u0430 \u0437\u0430\u0442\u0438\u0448\u043e\u043a \u0443 \u0445\u043e\u043b\u043e\u0434\u0438.","og_url":"https:\/\/maysternyachuda.com\/pl\/produkt\/\u043a\u0440\u0438\u0436\u043c\u0430-\u0445\u043c\u0430\u0440\u0438\u043d\u043a\u0430\/","og_site_name":"\u041c\u0430\u0439\u0441\u0442\u0435\u0440\u043d\u044f \u0427\u0443\u0434\u0430","article_modified_time":"2026-03-06T18:35:04+00:00","og_image":[{"width":960,"height":1280,"url":"http:\/\/maysternyachuda.com\/wp-content\/uploads\/2026\/01\/26-iohzka-ukaohlia.jpg","type":"image\/jpeg"}],"twitter_card":"summary_large_image","twitter_misc":{"Szacowany czas czytania":"1 minuta"},"schema":{"@context":"https:\/\/schema.org","@graph":[{"@type":"WebPage","@id":"https:\/\/maysternyachuda.com\/product\/%d0%ba%d1%80%d0%b8%d0%b6%d0%bc%d0%b0-%d1%85%d0%bc%d0%b0%d1%80%d0%b8%d0%bd%d0%ba%d0%b0\/","url":"https:\/\/maysternyachuda.com\/product\/%d0%ba%d1%80%d0%b8%d0%b6%d0%bc%d0%b0-%d1%85%d0%bc%d0%b0%d1%80%d0%b8%d0%bd%d0%ba%d0%b0\/","name":"\u041a\u0440\u0438\u0436\u043c\u0430 \"\u0425\u043c\u0430\u0440\u0438\u043d\u043a\u0430\" - \u041c\u0430\u0439\u0441\u0442\u0435\u0440\u043d\u044f \u0427\u0443\u0434\u0430","isPartOf":{"@id":"https:\/\/maysternyachuda.com\/#website"},"primaryImageOfPage":{"@id":"https:\/\/maysternyachuda.com\/product\/%d0%ba%d1%80%d0%b8%d0%b6%d0%bc%d0%b0-%d1%85%d0%bc%d0%b0%d1%80%d0%b8%d0%bd%d0%ba%d0%b0\/#primaryimage"},"image":{"@id":"https:\/\/maysternyachuda.com\/product\/%d0%ba%d1%80%d0%b8%d0%b6%d0%bc%d0%b0-%d1%85%d0%bc%d0%b0%d1%80%d0%b8%d0%bd%d0%ba%d0%b0\/#primaryimage"},"thumbnailUrl":"https:\/\/maysternyachuda.com\/wp-content\/uploads\/2026\/01\/26-iohzka-ukaohlia.jpg","datePublished":"2025-01-25T21:12:42+00:00","dateModified":"2026-03-06T18:35:04+00:00","description":"\u0417\u0431\u0435\u0440\u0456\u0442\u044c \u0443\u0441\u044e \u043a\u0440\u0430\u0441\u0443 \u0442\u0430 \u0437\u0430\u0442\u0438\u0448\u043e\u043a \u0443 \u0437\u0438\u043c\u043e\u0432\u0443 \u043a\u0440\u0438\u0436\u043c\u0443. \u0414\u0432\u043e\u0448\u0430\u0440\u043e\u0432\u0438\u0439 \u0434\u0438\u0437\u0430\u0439\u043d \u043f\u043e\u0434\u0430\u0440\u0443\u0454 \u0432\u0430\u0448\u0456\u0439 \u0434\u0438\u0442\u0438\u043d\u0456 \u043a\u043e\u043c\u0444\u043e\u0440\u0442 \u0442\u0430 \u0437\u0430\u0442\u0438\u0448\u043e\u043a \u0443 \u0445\u043e\u043b\u043e\u0434\u0438.","breadcrumb":{"@id":"https:\/\/maysternyachuda.com\/product\/%d0%ba%d1%80%d0%b8%d0%b6%d0%bc%d0%b0-%d1%85%d0%bc%d0%b0%d1%80%d0%b8%d0%bd%d0%ba%d0%b0\/#breadcrumb"},"inLanguage":"pl-PL","potentialAction":[{"@type":"ReadAction","target":["https:\/\/maysternyachuda.com\/product\/%d0%ba%d1%80%d0%b8%d0%b6%d0%bc%d0%b0-%d1%85%d0%bc%d0%b0%d1%80%d0%b8%d0%bd%d0%ba%d0%b0\/"]}]},{"@type":"ImageObject","inLanguage":"pl-PL","@id":"https:\/\/maysternyachuda.com\/product\/%d0%ba%d1%80%d0%b8%d0%b6%d0%bc%d0%b0-%d1%85%d0%bc%d0%b0%d1%80%d0%b8%d0%bd%d0%ba%d0%b0\/#primaryimage","url":"https:\/\/maysternyachuda.com\/wp-content\/uploads\/2026\/01\/26-iohzka-ukaohlia.jpg","contentUrl":"https:\/\/maysternyachuda.com\/wp-content\/uploads\/2026\/01\/26-iohzka-ukaohlia.jpg","width":960,"height":1280},{"@type":"BreadcrumbList","@id":"https:\/\/maysternyachuda.com\/product\/%d0%ba%d1%80%d0%b8%d0%b6%d0%bc%d0%b0-%d1%85%d0%bc%d0%b0%d1%80%d0%b8%d0%bd%d0%ba%d0%b0\/#breadcrumb","itemListElement":[{"@type":"ListItem","position":1,"name":"\u0413\u043e\u043b\u043e\u0432\u043d\u0430","item":"https:\/\/maysternyachuda.com\/"},{"@type":"ListItem","position":2,"name":"\u0412\u0438\u0440\u043e\u0431\u0438","item":"https:\/\/maysternyachuda.com\/shop-2\/"},{"@type":"ListItem","position":3,"name":"\u041a\u0440\u0438\u0436\u043c\u0430 &#8220;\u0425\u043c\u0430\u0440\u0438\u043d\u043a\u0430&#8221;"}]},{"@type":"WebSite","@id":"https:\/\/maysternyachuda.com\/#website","url":"https:\/\/maysternyachuda.com\/","name":"\u041c\u0430\u0439\u0441\u0442\u0435\u0440\u043d\u044f \u0427\u0443\u0434\u0430","description":"\u041a\u0440\u0438\u0436\u043c\u0438 \u0412\u0430\u0440\u0448\u0430\u0432\u0430","potentialAction":[{"@type":"SearchAction","target":{"@type":"EntryPoint","urlTemplate":"https:\/\/maysternyachuda.com\/?s={search_term_string}"},"query-input":{"@type":"PropertyValueSpecification","valueRequired":true,"valueName":"search_term_string"}}],"inLanguage":"pl-PL"}]}},"_links":{"self":[{"href":"https:\/\/maysternyachuda.com\/pl\/wp-json\/wp\/v2\/product\/3868","targetHints":{"allow":["GET"]}}],"collection":[{"href":"https:\/\/maysternyachuda.com\/pl\/wp-json\/wp\/v2\/product"}],"about":[{"href":"https:\/\/maysternyachuda.com\/pl\/wp-json\/wp\/v2\/types\/product"}],"replies":[{"embeddable":true,"href":"https:\/\/maysternyachuda.com\/pl\/wp-json\/wp\/v2\/comments?post=3868"}],"wp:featuredmedia":[{"embeddable":true,"href":"https:\/\/maysternyachuda.com\/pl\/wp-json\/wp\/v2\/media\/3867"}],"wp:attachment":[{"href":"https:\/\/maysternyachuda.com\/pl\/wp-json\/wp\/v2\/media?parent=3868"}],"wp:term":[{"taxonomy":"product_brand","embeddable":true,"href":"https:\/\/maysternyachuda.com\/pl\/wp-json\/wp\/v2\/product_brand?post=3868"},{"taxonomy":"product_cat","embeddable":true,"href":"https:\/\/maysternyachuda.com\/pl\/wp-json\/wp\/v2\/product_cat?post=3868"},{"taxonomy":"product_tag","embeddable":true,"href":"https:\/\/maysternyachuda.com\/pl\/wp-json\/wp\/v2\/product_tag?post=3868"}],"curies":[{"name":"wp","href":"https:\/\/api.w.org\/{rel}","templated":true}]}}