{"id":3890,"date":"2025-01-25T22:12:57","date_gmt":"2025-01-25T21:12:57","guid":{"rendered":"https:\/\/maysternyachuda.com\/product\/%d0%ba%d1%80%d0%b8%d0%b6%d0%bc%d0%b0-%d1%88%d0%bb%d1%8f%d1%85%d0%b5%d1%82%d0%bd%d0%b8%d0%b9-%d1%81%d0%bf%d0%be%d0%ba%d1%96%d0%b9\/"},"modified":"2026-03-06T19:33:57","modified_gmt":"2026-03-06T18:33:57","slug":"%d0%ba%d1%80%d0%b8%d0%b6%d0%bc%d0%b0-%d1%88%d0%bb%d1%8f%d1%85%d0%b5%d1%82%d0%bd%d0%b8%d0%b9-%d1%81%d0%bf%d0%be%d0%ba%d1%96%d0%b9","status":"publish","type":"product","link":"https:\/\/maysternyachuda.com\/pl\/produkt\/%d0%ba%d1%80%d0%b8%d0%b6%d0%bc%d0%b0-%d1%88%d0%bb%d1%8f%d1%85%d0%b5%d1%82%d0%bd%d0%b8%d0%b9-%d1%81%d0%bf%d0%be%d0%ba%d1%96%d0%b9\/","title":{"rendered":"Kryzhma \u201cSzlachetny spok\u00f3j\u201d"},"content":{"rendered":"<p><span style=\"color: #6d5a39;\">Chrzcielnica \u201eSzlachetny Pok\u00f3j\u201d to harmonia emanuj\u0105ca majestatem i pow\u015bci\u0105gliwo\u015bci\u0105. To majestat w prostocie, r\u00f3wnowaga w z\u0142o\u017conym \u015bwiecie i prawdziwe pi\u0119kno w pow\u015bci\u0105gliwo\u015bci, kt\u00f3re potrafi\u0105 inspirowa\u0107 i oczarowywa\u0107.<\/span><\/p>\n<p><span style=\"color: #6d5a39;\">Ta wykwintna sukienka do chrztu b\u0119dzie idealnym dodatkiem do uroczystego chrztu dziecka. Wykonana z delikatnego be\u017cowego weluru i mi\u0119kkiego, przytulnego pluszu, zapewnia ciep\u0142o, wygod\u0119 i elegancj\u0119.<\/span><\/p>\n<p><span style=\"color: #6d5a39;\">Br\u0105zowy odcie\u0144 haftu dodaje wyj\u0105tkowego uroku, kt\u00f3ry harmonijnie komponuje si\u0119 ze z\u0142ot\u0105 koronk\u0105 i eleganck\u0105 falban\u0105. To po\u0142\u0105czenie detali symbolizuje spok\u00f3j, szlachetno\u015b\u0107 i wznios\u0142o\u015b\u0107 chwili.<\/span><\/p>\n<p><span style=\"color: #6d5a39;\">Rozmiar: uniwersalny 100\/100 cm<\/span><\/p>\n<p><span style=\"color: #6d5a39;\">Materia\u0142y: welur, plusz<\/span><\/p>\n<p><span style=\"color: #6d5a39;\">Ozdoba: z\u0142ota koronka, falbana<\/span><\/p>","protected":false},"excerpt":{"rendered":"<p><span style=\"color: #6d5a39;\"><strong>Kryzhma \u201eSzlachetny Pok\u00f3j\u201d dwuwarstwowa<\/strong><\/span><\/p>\n<p><span style=\"color: #6d5a39;\"><strong>welur, plusz (be\u017cowy), z\u0142ota koronka, satynowa falbana<\/strong><\/span><\/p>\n<p><span style=\"color: #6d5a39;\"><strong>100\/100 cm<\/strong><\/span><\/p>","protected":false},"featured_media":3889,"comment_status":"open","ping_status":"closed","template":"","meta":[],"product_brand":[],"product_cat":[81],"product_tag":[],"class_list":{"0":"post-3890","1":"product","2":"type-product","3":"status-publish","4":"has-post-thumbnail","6":"product_cat-kryzhmy","8":"first","9":"onbackorder","10":"shipping-taxable","11":"purchasable","12":"product-type-simple"},"yoast_head":"<!-- This site is optimized with the Yoast SEO plugin v26.9 - https:\/\/yoast.com\/product\/yoast-seo-wordpress\/ -->\n<title>\u041a\u0440\u0438\u0436\u043c\u0430 &quot;\u0428\u043b\u044f\u0445\u0435\u0442\u043d\u0438\u0439 \u0441\u043f\u043e\u043a\u0456\u0439&quot; - \u041c\u0430\u0439\u0441\u0442\u0435\u0440\u043d\u044f \u0427\u0443\u0434\u0430<\/title>\n<meta name=\"description\" content=\"Experience the seductive allure of Honeyed Tobacco. This captivating scent combines sweet notes of amaretto with rich tobacco; try it now! \ud83c\udf6f\" \/>\n<meta name=\"robots\" content=\"index, follow, max-snippet:-1, max-image-preview:large, max-video-preview:-1\" \/>\n<link rel=\"canonical\" href=\"https:\/\/maysternyachuda.com\/pl\/produkt\/\u043a\u0440\u0438\u0436\u043c\u0430-\u0448\u043b\u044f\u0445\u0435\u0442\u043d\u0438\u0439-\u0441\u043f\u043e\u043a\u0456\u0439\/\" \/>\n<meta property=\"og:locale\" content=\"pl_PL\" \/>\n<meta property=\"og:type\" content=\"article\" \/>\n<meta property=\"og:title\" content=\"\u041a\u0440\u0438\u0436\u043c\u0430 &quot;\u0428\u043b\u044f\u0445\u0435\u0442\u043d\u0438\u0439 \u0441\u043f\u043e\u043a\u0456\u0439&quot; - \u041c\u0430\u0439\u0441\u0442\u0435\u0440\u043d\u044f \u0427\u0443\u0434\u0430\" \/>\n<meta property=\"og:description\" content=\"Experience the seductive allure of Honeyed Tobacco. This captivating scent combines sweet notes of amaretto with rich tobacco; try it now! \ud83c\udf6f\" \/>\n<meta property=\"og:url\" content=\"https:\/\/maysternyachuda.com\/pl\/produkt\/\u043a\u0440\u0438\u0436\u043c\u0430-\u0448\u043b\u044f\u0445\u0435\u0442\u043d\u0438\u0439-\u0441\u043f\u043e\u043a\u0456\u0439\/\" \/>\n<meta property=\"og:site_name\" content=\"\u041c\u0430\u0439\u0441\u0442\u0435\u0440\u043d\u044f \u0427\u0443\u0434\u0430\" \/>\n<meta property=\"article:modified_time\" content=\"2026-03-06T18:33:57+00:00\" \/>\n<meta property=\"og:image\" content=\"http:\/\/maysternyachuda.com\/wp-content\/uploads\/2026\/01\/32-iohzka-hyhuerlhz-pnmiyz.jpg\" \/>\n\t<meta property=\"og:image:width\" content=\"960\" \/>\n\t<meta property=\"og:image:height\" content=\"1280\" \/>\n\t<meta property=\"og:image:type\" content=\"image\/jpeg\" \/>\n<meta name=\"twitter:card\" content=\"summary_large_image\" \/>\n<meta name=\"twitter:label1\" content=\"Szacowany czas czytania\" \/>\n\t<meta name=\"twitter:data1\" content=\"1 minuta\" \/>\n<script type=\"application\/ld+json\" class=\"yoast-schema-graph\">{\"@context\":\"https:\/\/schema.org\",\"@graph\":[{\"@type\":\"WebPage\",\"@id\":\"https:\/\/maysternyachuda.com\/product\/%d0%ba%d1%80%d0%b8%d0%b6%d0%bc%d0%b0-%d1%88%d0%bb%d1%8f%d1%85%d0%b5%d1%82%d0%bd%d0%b8%d0%b9-%d1%81%d0%bf%d0%be%d0%ba%d1%96%d0%b9\/\",\"url\":\"https:\/\/maysternyachuda.com\/product\/%d0%ba%d1%80%d0%b8%d0%b6%d0%bc%d0%b0-%d1%88%d0%bb%d1%8f%d1%85%d0%b5%d1%82%d0%bd%d0%b8%d0%b9-%d1%81%d0%bf%d0%be%d0%ba%d1%96%d0%b9\/\",\"name\":\"\u041a\u0440\u0438\u0436\u043c\u0430 \\\"\u0428\u043b\u044f\u0445\u0435\u0442\u043d\u0438\u0439 \u0441\u043f\u043e\u043a\u0456\u0439\\\" - \u041c\u0430\u0439\u0441\u0442\u0435\u0440\u043d\u044f \u0427\u0443\u0434\u0430\",\"isPartOf\":{\"@id\":\"https:\/\/maysternyachuda.com\/#website\"},\"primaryImageOfPage\":{\"@id\":\"https:\/\/maysternyachuda.com\/product\/%d0%ba%d1%80%d0%b8%d0%b6%d0%bc%d0%b0-%d1%88%d0%bb%d1%8f%d1%85%d0%b5%d1%82%d0%bd%d0%b8%d0%b9-%d1%81%d0%bf%d0%be%d0%ba%d1%96%d0%b9\/#primaryimage\"},\"image\":{\"@id\":\"https:\/\/maysternyachuda.com\/product\/%d0%ba%d1%80%d0%b8%d0%b6%d0%bc%d0%b0-%d1%88%d0%bb%d1%8f%d1%85%d0%b5%d1%82%d0%bd%d0%b8%d0%b9-%d1%81%d0%bf%d0%be%d0%ba%d1%96%d0%b9\/#primaryimage\"},\"thumbnailUrl\":\"https:\/\/maysternyachuda.com\/wp-content\/uploads\/2026\/01\/32-iohzka-hyhuerlhz-pnmiyz.jpg\",\"datePublished\":\"2025-01-25T21:12:57+00:00\",\"dateModified\":\"2026-03-06T18:33:57+00:00\",\"description\":\"Experience the seductive allure of Honeyed Tobacco. This captivating scent combines sweet notes of amaretto with rich tobacco; try it now! \ud83c\udf6f\",\"breadcrumb\":{\"@id\":\"https:\/\/maysternyachuda.com\/product\/%d0%ba%d1%80%d0%b8%d0%b6%d0%bc%d0%b0-%d1%88%d0%bb%d1%8f%d1%85%d0%b5%d1%82%d0%bd%d0%b8%d0%b9-%d1%81%d0%bf%d0%be%d0%ba%d1%96%d0%b9\/#breadcrumb\"},\"inLanguage\":\"pl-PL\",\"potentialAction\":[{\"@type\":\"ReadAction\",\"target\":[\"https:\/\/maysternyachuda.com\/product\/%d0%ba%d1%80%d0%b8%d0%b6%d0%bc%d0%b0-%d1%88%d0%bb%d1%8f%d1%85%d0%b5%d1%82%d0%bd%d0%b8%d0%b9-%d1%81%d0%bf%d0%be%d0%ba%d1%96%d0%b9\/\"]}]},{\"@type\":\"ImageObject\",\"inLanguage\":\"pl-PL\",\"@id\":\"https:\/\/maysternyachuda.com\/product\/%d0%ba%d1%80%d0%b8%d0%b6%d0%bc%d0%b0-%d1%88%d0%bb%d1%8f%d1%85%d0%b5%d1%82%d0%bd%d0%b8%d0%b9-%d1%81%d0%bf%d0%be%d0%ba%d1%96%d0%b9\/#primaryimage\",\"url\":\"https:\/\/maysternyachuda.com\/wp-content\/uploads\/2026\/01\/32-iohzka-hyhuerlhz-pnmiyz.jpg\",\"contentUrl\":\"https:\/\/maysternyachuda.com\/wp-content\/uploads\/2026\/01\/32-iohzka-hyhuerlhz-pnmiyz.jpg\",\"width\":960,\"height\":1280},{\"@type\":\"BreadcrumbList\",\"@id\":\"https:\/\/maysternyachuda.com\/product\/%d0%ba%d1%80%d0%b8%d0%b6%d0%bc%d0%b0-%d1%88%d0%bb%d1%8f%d1%85%d0%b5%d1%82%d0%bd%d0%b8%d0%b9-%d1%81%d0%bf%d0%be%d0%ba%d1%96%d0%b9\/#breadcrumb\",\"itemListElement\":[{\"@type\":\"ListItem\",\"position\":1,\"name\":\"\u0413\u043e\u043b\u043e\u0432\u043d\u0430\",\"item\":\"https:\/\/maysternyachuda.com\/\"},{\"@type\":\"ListItem\",\"position\":2,\"name\":\"\u0412\u0438\u0440\u043e\u0431\u0438\",\"item\":\"https:\/\/maysternyachuda.com\/shop-2\/\"},{\"@type\":\"ListItem\",\"position\":3,\"name\":\"\u041a\u0440\u0438\u0436\u043c\u0430 &#8220;\u0428\u043b\u044f\u0445\u0435\u0442\u043d\u0438\u0439 \u0441\u043f\u043e\u043a\u0456\u0439&#8221;\"}]},{\"@type\":\"WebSite\",\"@id\":\"https:\/\/maysternyachuda.com\/#website\",\"url\":\"https:\/\/maysternyachuda.com\/\",\"name\":\"\u041c\u0430\u0439\u0441\u0442\u0435\u0440\u043d\u044f \u0427\u0443\u0434\u0430\",\"description\":\"\u041a\u0440\u0438\u0436\u043c\u0438 \u0412\u0430\u0440\u0448\u0430\u0432\u0430\",\"potentialAction\":[{\"@type\":\"SearchAction\",\"target\":{\"@type\":\"EntryPoint\",\"urlTemplate\":\"https:\/\/maysternyachuda.com\/?s={search_term_string}\"},\"query-input\":{\"@type\":\"PropertyValueSpecification\",\"valueRequired\":true,\"valueName\":\"search_term_string\"}}],\"inLanguage\":\"pl-PL\"}]}<\/script>\n<!-- \/ Yoast SEO plugin. -->","yoast_head_json":{"title":"\u041a\u0440\u0438\u0436\u043c\u0430 \"\u0428\u043b\u044f\u0445\u0435\u0442\u043d\u0438\u0439 \u0441\u043f\u043e\u043a\u0456\u0439\" - \u041c\u0430\u0439\u0441\u0442\u0435\u0440\u043d\u044f \u0427\u0443\u0434\u0430","description":"Experience the seductive allure of Honeyed Tobacco. This captivating scent combines sweet notes of amaretto with rich tobacco; try it now! \ud83c\udf6f","robots":{"index":"index","follow":"follow","max-snippet":"max-snippet:-1","max-image-preview":"max-image-preview:large","max-video-preview":"max-video-preview:-1"},"canonical":"https:\/\/maysternyachuda.com\/pl\/produkt\/\u043a\u0440\u0438\u0436\u043c\u0430-\u0448\u043b\u044f\u0445\u0435\u0442\u043d\u0438\u0439-\u0441\u043f\u043e\u043a\u0456\u0439\/","og_locale":"pl_PL","og_type":"article","og_title":"\u041a\u0440\u0438\u0436\u043c\u0430 \"\u0428\u043b\u044f\u0445\u0435\u0442\u043d\u0438\u0439 \u0441\u043f\u043e\u043a\u0456\u0439\" - \u041c\u0430\u0439\u0441\u0442\u0435\u0440\u043d\u044f \u0427\u0443\u0434\u0430","og_description":"Experience the seductive allure of Honeyed Tobacco. This captivating scent combines sweet notes of amaretto with rich tobacco; try it now! \ud83c\udf6f","og_url":"https:\/\/maysternyachuda.com\/pl\/produkt\/\u043a\u0440\u0438\u0436\u043c\u0430-\u0448\u043b\u044f\u0445\u0435\u0442\u043d\u0438\u0439-\u0441\u043f\u043e\u043a\u0456\u0439\/","og_site_name":"\u041c\u0430\u0439\u0441\u0442\u0435\u0440\u043d\u044f \u0427\u0443\u0434\u0430","article_modified_time":"2026-03-06T18:33:57+00:00","og_image":[{"width":960,"height":1280,"url":"http:\/\/maysternyachuda.com\/wp-content\/uploads\/2026\/01\/32-iohzka-hyhuerlhz-pnmiyz.jpg","type":"image\/jpeg"}],"twitter_card":"summary_large_image","twitter_misc":{"Szacowany czas czytania":"1 minuta"},"schema":{"@context":"https:\/\/schema.org","@graph":[{"@type":"WebPage","@id":"https:\/\/maysternyachuda.com\/product\/%d0%ba%d1%80%d0%b8%d0%b6%d0%bc%d0%b0-%d1%88%d0%bb%d1%8f%d1%85%d0%b5%d1%82%d0%bd%d0%b8%d0%b9-%d1%81%d0%bf%d0%be%d0%ba%d1%96%d0%b9\/","url":"https:\/\/maysternyachuda.com\/product\/%d0%ba%d1%80%d0%b8%d0%b6%d0%bc%d0%b0-%d1%88%d0%bb%d1%8f%d1%85%d0%b5%d1%82%d0%bd%d0%b8%d0%b9-%d1%81%d0%bf%d0%be%d0%ba%d1%96%d0%b9\/","name":"\u041a\u0440\u0438\u0436\u043c\u0430 \"\u0428\u043b\u044f\u0445\u0435\u0442\u043d\u0438\u0439 \u0441\u043f\u043e\u043a\u0456\u0439\" - \u041c\u0430\u0439\u0441\u0442\u0435\u0440\u043d\u044f \u0427\u0443\u0434\u0430","isPartOf":{"@id":"https:\/\/maysternyachuda.com\/#website"},"primaryImageOfPage":{"@id":"https:\/\/maysternyachuda.com\/product\/%d0%ba%d1%80%d0%b8%d0%b6%d0%bc%d0%b0-%d1%88%d0%bb%d1%8f%d1%85%d0%b5%d1%82%d0%bd%d0%b8%d0%b9-%d1%81%d0%bf%d0%be%d0%ba%d1%96%d0%b9\/#primaryimage"},"image":{"@id":"https:\/\/maysternyachuda.com\/product\/%d0%ba%d1%80%d0%b8%d0%b6%d0%bc%d0%b0-%d1%88%d0%bb%d1%8f%d1%85%d0%b5%d1%82%d0%bd%d0%b8%d0%b9-%d1%81%d0%bf%d0%be%d0%ba%d1%96%d0%b9\/#primaryimage"},"thumbnailUrl":"https:\/\/maysternyachuda.com\/wp-content\/uploads\/2026\/01\/32-iohzka-hyhuerlhz-pnmiyz.jpg","datePublished":"2025-01-25T21:12:57+00:00","dateModified":"2026-03-06T18:33:57+00:00","description":"Experience the seductive allure of Honeyed Tobacco. This captivating scent combines sweet notes of amaretto with rich tobacco; try it now! \ud83c\udf6f","breadcrumb":{"@id":"https:\/\/maysternyachuda.com\/product\/%d0%ba%d1%80%d0%b8%d0%b6%d0%bc%d0%b0-%d1%88%d0%bb%d1%8f%d1%85%d0%b5%d1%82%d0%bd%d0%b8%d0%b9-%d1%81%d0%bf%d0%be%d0%ba%d1%96%d0%b9\/#breadcrumb"},"inLanguage":"pl-PL","potentialAction":[{"@type":"ReadAction","target":["https:\/\/maysternyachuda.com\/product\/%d0%ba%d1%80%d0%b8%d0%b6%d0%bc%d0%b0-%d1%88%d0%bb%d1%8f%d1%85%d0%b5%d1%82%d0%bd%d0%b8%d0%b9-%d1%81%d0%bf%d0%be%d0%ba%d1%96%d0%b9\/"]}]},{"@type":"ImageObject","inLanguage":"pl-PL","@id":"https:\/\/maysternyachuda.com\/product\/%d0%ba%d1%80%d0%b8%d0%b6%d0%bc%d0%b0-%d1%88%d0%bb%d1%8f%d1%85%d0%b5%d1%82%d0%bd%d0%b8%d0%b9-%d1%81%d0%bf%d0%be%d0%ba%d1%96%d0%b9\/#primaryimage","url":"https:\/\/maysternyachuda.com\/wp-content\/uploads\/2026\/01\/32-iohzka-hyhuerlhz-pnmiyz.jpg","contentUrl":"https:\/\/maysternyachuda.com\/wp-content\/uploads\/2026\/01\/32-iohzka-hyhuerlhz-pnmiyz.jpg","width":960,"height":1280},{"@type":"BreadcrumbList","@id":"https:\/\/maysternyachuda.com\/product\/%d0%ba%d1%80%d0%b8%d0%b6%d0%bc%d0%b0-%d1%88%d0%bb%d1%8f%d1%85%d0%b5%d1%82%d0%bd%d0%b8%d0%b9-%d1%81%d0%bf%d0%be%d0%ba%d1%96%d0%b9\/#breadcrumb","itemListElement":[{"@type":"ListItem","position":1,"name":"\u0413\u043e\u043b\u043e\u0432\u043d\u0430","item":"https:\/\/maysternyachuda.com\/"},{"@type":"ListItem","position":2,"name":"\u0412\u0438\u0440\u043e\u0431\u0438","item":"https:\/\/maysternyachuda.com\/shop-2\/"},{"@type":"ListItem","position":3,"name":"\u041a\u0440\u0438\u0436\u043c\u0430 &#8220;\u0428\u043b\u044f\u0445\u0435\u0442\u043d\u0438\u0439 \u0441\u043f\u043e\u043a\u0456\u0439&#8221;"}]},{"@type":"WebSite","@id":"https:\/\/maysternyachuda.com\/#website","url":"https:\/\/maysternyachuda.com\/","name":"\u041c\u0430\u0439\u0441\u0442\u0435\u0440\u043d\u044f \u0427\u0443\u0434\u0430","description":"\u041a\u0440\u0438\u0436\u043c\u0438 \u0412\u0430\u0440\u0448\u0430\u0432\u0430","potentialAction":[{"@type":"SearchAction","target":{"@type":"EntryPoint","urlTemplate":"https:\/\/maysternyachuda.com\/?s={search_term_string}"},"query-input":{"@type":"PropertyValueSpecification","valueRequired":true,"valueName":"search_term_string"}}],"inLanguage":"pl-PL"}]}},"_links":{"self":[{"href":"https:\/\/maysternyachuda.com\/pl\/wp-json\/wp\/v2\/product\/3890","targetHints":{"allow":["GET"]}}],"collection":[{"href":"https:\/\/maysternyachuda.com\/pl\/wp-json\/wp\/v2\/product"}],"about":[{"href":"https:\/\/maysternyachuda.com\/pl\/wp-json\/wp\/v2\/types\/product"}],"replies":[{"embeddable":true,"href":"https:\/\/maysternyachuda.com\/pl\/wp-json\/wp\/v2\/comments?post=3890"}],"wp:featuredmedia":[{"embeddable":true,"href":"https:\/\/maysternyachuda.com\/pl\/wp-json\/wp\/v2\/media\/3889"}],"wp:attachment":[{"href":"https:\/\/maysternyachuda.com\/pl\/wp-json\/wp\/v2\/media?parent=3890"}],"wp:term":[{"taxonomy":"product_brand","embeddable":true,"href":"https:\/\/maysternyachuda.com\/pl\/wp-json\/wp\/v2\/product_brand?post=3890"},{"taxonomy":"product_cat","embeddable":true,"href":"https:\/\/maysternyachuda.com\/pl\/wp-json\/wp\/v2\/product_cat?post=3890"},{"taxonomy":"product_tag","embeddable":true,"href":"https:\/\/maysternyachuda.com\/pl\/wp-json\/wp\/v2\/product_tag?post=3890"}],"curies":[{"name":"wp","href":"https:\/\/api.w.org\/{rel}","templated":true}]}}