{"id":3926,"date":"2025-01-25T22:13:22","date_gmt":"2025-01-25T21:13:22","guid":{"rendered":"https:\/\/maysternyachuda.com\/product\/%d1%81%d1%83%d0%ba%d0%bd%d1%8f-%d0%bf%d0%b5%d1%80%d0%bb%d0%b8%d0%bd%d0%bd%d0%b0-%d1%87%d0%b8%d1%81%d1%82%d0%be%d1%82%d0%b0\/"},"modified":"2026-03-06T19:32:03","modified_gmt":"2026-03-06T18:32:03","slug":"%d1%81%d1%83%d0%ba%d0%bd%d1%8f-%d0%bf%d0%b5%d1%80%d0%bb%d0%b8%d0%bd%d0%bd%d0%b0-%d1%87%d0%b8%d1%81%d1%82%d0%be%d1%82%d0%b0","status":"publish","type":"product","link":"https:\/\/maysternyachuda.com\/pl\/produkt\/%d1%81%d1%83%d0%ba%d0%bd%d1%8f-%d0%bf%d0%b5%d1%80%d0%bb%d0%b8%d0%bd%d0%bd%d0%b0-%d1%87%d0%b8%d1%81%d1%82%d0%be%d1%82%d0%b0\/","title":{"rendered":"Sukienka \u201cPer\u0142owa czysto\u015b\u0107\u201d"},"content":{"rendered":"<p><span style=\"color: #6d5a39;\">Suknia do chrztu \u201ePer\u0142owa Czysto\u015b\u0107\u201d<\/span><\/p>\n<p><span style=\"color: #6d5a39;\">Sukienka \u201ePer\u0142owa Czysto\u015b\u0107\u201d to prawdziwe uciele\u015bnienie delikatno\u015bci i elegancji, stworzona z my\u015bl\u0105 o najja\u015bniejszym dniu w \u017cyciu ma\u0142ej ksi\u0119\u017cniczki. Wykonana z mi\u0119kkiej dzianiny, otula dziecko komfortem, daj\u0105c uczucie lekko\u015bci i ciep\u0142a.<\/span><\/p>\n<p><span style=\"color: #6d5a39;\">Suknia jest szczeg\u00f3lnie urocza dzi\u0119ki wykwintnej bawe\u0142nianej koronce, kt\u00f3ra podkre\u015bla uroczysty charakter. Delikatne pere\u0142ki, niczym krople porannej rosy, dodaj\u0105 eleganckiego blasku, a zwiewna falbana dope\u0142nia ca\u0142o\u015b\u0107 wdzi\u0119kiem.<\/span><\/p>\n<p><span style=\"color: #6d5a39;\">Materia\u0142: mi\u0119kka dzianina, koronka bawe\u0142niana<\/span><\/p>\n<p><span style=\"color: #6d5a39;\">Ozdoba: delikatne pere\u0142ki, elegancka falbana<\/span><\/p>\n<p><span style=\"color: #6d5a39;\">Rozmiary: 68 cm, 74 cm, 80 cm, 86 cm, 92 cm, 98 cm<\/span><\/p>\n<p><span style=\"color: #6d5a39;\">Ta sukienka b\u0119dzie nie tylko harmonijnym dodatkiem do sakramentu chrztu, ale tak\u017ce symbolem czysto\u015bci, wdzi\u0119ku i niewinno\u015bci Twojego dziecka. \u201ePer\u0142owa czysto\u015b\u0107\u201d to obraz, kt\u00f3ry urzeka serca.<\/span><\/p>","protected":false},"excerpt":{"rendered":"<p><span style=\"color: #6d5a39;\"><strong>Sukienka \u201cPer\u0142owa czysto\u015b\u0107\u201d<\/strong><\/span><\/p>\n<p><span style=\"color: #6d5a39;\"><strong>Materia\u0142: dzianina, koronka bawe\u0142niana, per\u0142y, falbany<\/strong><\/span><\/p>\n<p><span style=\"color: #6d5a39;\"><strong>Rozmiary: 68 cm, 74 cm, 80 cm, 86 cm, 92 cm, 98 cm<\/strong><\/span><\/p>","protected":false},"featured_media":3925,"comment_status":"open","ping_status":"closed","template":"","meta":[],"product_brand":[],"product_cat":[79],"product_tag":[],"class_list":{"0":"post-3926","1":"product","2":"type-product","3":"status-publish","4":"has-post-thumbnail","6":"product_cat-clothes-for-girls","8":"first","9":"onbackorder","10":"shipping-taxable","11":"purchasable","12":"product-type-simple"},"yoast_head":"<!-- This site is optimized with the Yoast SEO plugin v26.9 - https:\/\/yoast.com\/product\/yoast-seo-wordpress\/ -->\n<title>\u0421\u0443\u043a\u043d\u044f &quot;\u041f\u0435\u0440\u043b\u0438\u043d\u043d\u0430 \u0447\u0438\u0441\u0442\u043e\u0442\u0430&quot; - \u041c\u0430\u0439\u0441\u0442\u0435\u0440\u043d\u044f \u0427\u0443\u0434\u0430<\/title>\n<meta name=\"description\" content=\"\u0421\u0443\u043a\u043d\u044f \u0434\u043b\u044f \u0445\u0440\u0435\u0449\u0435\u043d\u043d\u044f &quot;\u041f\u0435\u0440\u043b\u0438\u043d\u043d\u0430 \u0447\u0438\u0441\u0442\u043e\u0442\u0430&quot;\u0421\u0443\u043a\u043d\u044f &quot;\u041f\u0435\u0440\u043b\u0438\u043d\u043d\u0430 \u0447\u0438\u0441\u0442\u043e\u0442\u0430&quot; \u2014 \u0446\u0435 \u0441\u043f\u0440\u0430\u0432\u0436\u043d\u0454 \u0432\u0442\u0456\u043b\u0435\u043d\u043d\u044f \u043d\u0456\u0436\u043d\u043e\u0441\u0442\u0456 \u0439 \u0432\u0438\u0442\u043e\u043d\u0447\u0435\u043d\u043e\u0441\u0442\u0456, \u0441\u0442\u0432\u043e\u0440\u0435\u043d\u0435 \u0434\u043b\u044f \u043d\u0430\u0439\u0441\u0432\u0456\u0442\u043b\u0456\u0448\u043e\u0433\u043e \u0434\u043d\u044f \u0443 \u0436\u0438\u0442\u0442\u0456 \u043c\u0430\u043b\u0435\u043d\u044c\u043a\u043e\u0457 \u043f\u0440\u0438\u043d\u0446\u0435\u0441\u0438. \u0412\u0438\u043a\u043e\u043d\u0430\u043d\u0430 \u0437 \u043c&#039;\u044f\u043a\u043e\u0433\u043e \u0442\u0440\u0438\u043a\u043e\u0442\u0430\u0436\u0443, \u0432\u043e\u043d\u0430 \u043e\u0433\u043e\u0440\u0442\u0430\u0454 \u0434\u0438\u0442\u0438\u043d\u0443 \u043a\u043e\u043c\u0444\u043e\u0440\u0442\u043e\u043c, \u0437\u0430\u043b\u0438\u0448\u0430\u044e\u0447\u0438 \u0432\u0456\u0434\u0447\u0443\u0442\u0442\u044f \u043b\u0435\u0433\u043a\u043e\u0441\u0442\u0456 \u0442\u0430 \u0442\u0435\u043f\u043b\u0430.\" \/>\n<meta name=\"robots\" content=\"index, follow, max-snippet:-1, max-image-preview:large, max-video-preview:-1\" \/>\n<link rel=\"canonical\" href=\"https:\/\/maysternyachuda.com\/pl\/produkt\/\u0441\u0443\u043a\u043d\u044f-\u043f\u0435\u0440\u043b\u0438\u043d\u043d\u0430-\u0447\u0438\u0441\u0442\u043e\u0442\u0430\/\" \/>\n<meta property=\"og:locale\" content=\"pl_PL\" \/>\n<meta property=\"og:type\" content=\"article\" \/>\n<meta property=\"og:title\" content=\"\u0421\u0443\u043a\u043d\u044f &quot;\u041f\u0435\u0440\u043b\u0438\u043d\u043d\u0430 \u0447\u0438\u0441\u0442\u043e\u0442\u0430&quot; - \u041c\u0430\u0439\u0441\u0442\u0435\u0440\u043d\u044f \u0427\u0443\u0434\u0430\" \/>\n<meta property=\"og:description\" content=\"\u0421\u0443\u043a\u043d\u044f \u0434\u043b\u044f \u0445\u0440\u0435\u0449\u0435\u043d\u043d\u044f &quot;\u041f\u0435\u0440\u043b\u0438\u043d\u043d\u0430 \u0447\u0438\u0441\u0442\u043e\u0442\u0430&quot;\u0421\u0443\u043a\u043d\u044f &quot;\u041f\u0435\u0440\u043b\u0438\u043d\u043d\u0430 \u0447\u0438\u0441\u0442\u043e\u0442\u0430&quot; \u2014 \u0446\u0435 \u0441\u043f\u0440\u0430\u0432\u0436\u043d\u0454 \u0432\u0442\u0456\u043b\u0435\u043d\u043d\u044f \u043d\u0456\u0436\u043d\u043e\u0441\u0442\u0456 \u0439 \u0432\u0438\u0442\u043e\u043d\u0447\u0435\u043d\u043e\u0441\u0442\u0456, \u0441\u0442\u0432\u043e\u0440\u0435\u043d\u0435 \u0434\u043b\u044f \u043d\u0430\u0439\u0441\u0432\u0456\u0442\u043b\u0456\u0448\u043e\u0433\u043e \u0434\u043d\u044f \u0443 \u0436\u0438\u0442\u0442\u0456 \u043c\u0430\u043b\u0435\u043d\u044c\u043a\u043e\u0457 \u043f\u0440\u0438\u043d\u0446\u0435\u0441\u0438. \u0412\u0438\u043a\u043e\u043d\u0430\u043d\u0430 \u0437 \u043c&#039;\u044f\u043a\u043e\u0433\u043e \u0442\u0440\u0438\u043a\u043e\u0442\u0430\u0436\u0443, \u0432\u043e\u043d\u0430 \u043e\u0433\u043e\u0440\u0442\u0430\u0454 \u0434\u0438\u0442\u0438\u043d\u0443 \u043a\u043e\u043c\u0444\u043e\u0440\u0442\u043e\u043c, \u0437\u0430\u043b\u0438\u0448\u0430\u044e\u0447\u0438 \u0432\u0456\u0434\u0447\u0443\u0442\u0442\u044f \u043b\u0435\u0433\u043a\u043e\u0441\u0442\u0456 \u0442\u0430 \u0442\u0435\u043f\u043b\u0430.\" \/>\n<meta property=\"og:url\" content=\"https:\/\/maysternyachuda.com\/pl\/produkt\/\u0441\u0443\u043a\u043d\u044f-\u043f\u0435\u0440\u043b\u0438\u043d\u043d\u0430-\u0447\u0438\u0441\u0442\u043e\u0442\u0430\/\" \/>\n<meta property=\"og:site_name\" content=\"\u041c\u0430\u0439\u0441\u0442\u0435\u0440\u043d\u044f \u0427\u0443\u0434\u0430\" \/>\n<meta property=\"article:modified_time\" content=\"2026-03-06T18:32:03+00:00\" \/>\n<meta property=\"og:image\" content=\"http:\/\/maysternyachuda.com\/wp-content\/uploads\/2026\/01\/42-psilh-neoyhlla-khprmra.jpg\" \/>\n\t<meta property=\"og:image:width\" content=\"1024\" \/>\n\t<meta property=\"og:image:height\" content=\"1280\" \/>\n\t<meta property=\"og:image:type\" content=\"image\/jpeg\" \/>\n<meta name=\"twitter:card\" content=\"summary_large_image\" \/>\n<meta name=\"twitter:label1\" content=\"Szacowany czas czytania\" \/>\n\t<meta name=\"twitter:data1\" content=\"1 minuta\" \/>\n<script type=\"application\/ld+json\" class=\"yoast-schema-graph\">{\"@context\":\"https:\/\/schema.org\",\"@graph\":[{\"@type\":\"WebPage\",\"@id\":\"https:\/\/maysternyachuda.com\/product\/%d1%81%d1%83%d0%ba%d0%bd%d1%8f-%d0%bf%d0%b5%d1%80%d0%bb%d0%b8%d0%bd%d0%bd%d0%b0-%d1%87%d0%b8%d1%81%d1%82%d0%be%d1%82%d0%b0\/\",\"url\":\"https:\/\/maysternyachuda.com\/product\/%d1%81%d1%83%d0%ba%d0%bd%d1%8f-%d0%bf%d0%b5%d1%80%d0%bb%d0%b8%d0%bd%d0%bd%d0%b0-%d1%87%d0%b8%d1%81%d1%82%d0%be%d1%82%d0%b0\/\",\"name\":\"\u0421\u0443\u043a\u043d\u044f \\\"\u041f\u0435\u0440\u043b\u0438\u043d\u043d\u0430 \u0447\u0438\u0441\u0442\u043e\u0442\u0430\\\" - \u041c\u0430\u0439\u0441\u0442\u0435\u0440\u043d\u044f \u0427\u0443\u0434\u0430\",\"isPartOf\":{\"@id\":\"https:\/\/maysternyachuda.com\/#website\"},\"primaryImageOfPage\":{\"@id\":\"https:\/\/maysternyachuda.com\/product\/%d1%81%d1%83%d0%ba%d0%bd%d1%8f-%d0%bf%d0%b5%d1%80%d0%bb%d0%b8%d0%bd%d0%bd%d0%b0-%d1%87%d0%b8%d1%81%d1%82%d0%be%d1%82%d0%b0\/#primaryimage\"},\"image\":{\"@id\":\"https:\/\/maysternyachuda.com\/product\/%d1%81%d1%83%d0%ba%d0%bd%d1%8f-%d0%bf%d0%b5%d1%80%d0%bb%d0%b8%d0%bd%d0%bd%d0%b0-%d1%87%d0%b8%d1%81%d1%82%d0%be%d1%82%d0%b0\/#primaryimage\"},\"thumbnailUrl\":\"https:\/\/maysternyachuda.com\/wp-content\/uploads\/2026\/01\/42-psilh-neoyhlla-khprmra.jpg\",\"datePublished\":\"2025-01-25T21:13:22+00:00\",\"dateModified\":\"2026-03-06T18:32:03+00:00\",\"description\":\"\u0421\u0443\u043a\u043d\u044f \u0434\u043b\u044f \u0445\u0440\u0435\u0449\u0435\u043d\u043d\u044f \\\"\u041f\u0435\u0440\u043b\u0438\u043d\u043d\u0430 \u0447\u0438\u0441\u0442\u043e\u0442\u0430\\\"\u0421\u0443\u043a\u043d\u044f \\\"\u041f\u0435\u0440\u043b\u0438\u043d\u043d\u0430 \u0447\u0438\u0441\u0442\u043e\u0442\u0430\\\" \u2014 \u0446\u0435 \u0441\u043f\u0440\u0430\u0432\u0436\u043d\u0454 \u0432\u0442\u0456\u043b\u0435\u043d\u043d\u044f \u043d\u0456\u0436\u043d\u043e\u0441\u0442\u0456 \u0439 \u0432\u0438\u0442\u043e\u043d\u0447\u0435\u043d\u043e\u0441\u0442\u0456, \u0441\u0442\u0432\u043e\u0440\u0435\u043d\u0435 \u0434\u043b\u044f \u043d\u0430\u0439\u0441\u0432\u0456\u0442\u043b\u0456\u0448\u043e\u0433\u043e \u0434\u043d\u044f \u0443 \u0436\u0438\u0442\u0442\u0456 \u043c\u0430\u043b\u0435\u043d\u044c\u043a\u043e\u0457 \u043f\u0440\u0438\u043d\u0446\u0435\u0441\u0438. \u0412\u0438\u043a\u043e\u043d\u0430\u043d\u0430 \u0437 \u043c'\u044f\u043a\u043e\u0433\u043e \u0442\u0440\u0438\u043a\u043e\u0442\u0430\u0436\u0443, \u0432\u043e\u043d\u0430 \u043e\u0433\u043e\u0440\u0442\u0430\u0454 \u0434\u0438\u0442\u0438\u043d\u0443 \u043a\u043e\u043c\u0444\u043e\u0440\u0442\u043e\u043c, \u0437\u0430\u043b\u0438\u0448\u0430\u044e\u0447\u0438 \u0432\u0456\u0434\u0447\u0443\u0442\u0442\u044f \u043b\u0435\u0433\u043a\u043e\u0441\u0442\u0456 \u0442\u0430 \u0442\u0435\u043f\u043b\u0430.\",\"breadcrumb\":{\"@id\":\"https:\/\/maysternyachuda.com\/product\/%d1%81%d1%83%d0%ba%d0%bd%d1%8f-%d0%bf%d0%b5%d1%80%d0%bb%d0%b8%d0%bd%d0%bd%d0%b0-%d1%87%d0%b8%d1%81%d1%82%d0%be%d1%82%d0%b0\/#breadcrumb\"},\"inLanguage\":\"pl-PL\",\"potentialAction\":[{\"@type\":\"ReadAction\",\"target\":[\"https:\/\/maysternyachuda.com\/product\/%d1%81%d1%83%d0%ba%d0%bd%d1%8f-%d0%bf%d0%b5%d1%80%d0%bb%d0%b8%d0%bd%d0%bd%d0%b0-%d1%87%d0%b8%d1%81%d1%82%d0%be%d1%82%d0%b0\/\"]}]},{\"@type\":\"ImageObject\",\"inLanguage\":\"pl-PL\",\"@id\":\"https:\/\/maysternyachuda.com\/product\/%d1%81%d1%83%d0%ba%d0%bd%d1%8f-%d0%bf%d0%b5%d1%80%d0%bb%d0%b8%d0%bd%d0%bd%d0%b0-%d1%87%d0%b8%d1%81%d1%82%d0%be%d1%82%d0%b0\/#primaryimage\",\"url\":\"https:\/\/maysternyachuda.com\/wp-content\/uploads\/2026\/01\/42-psilh-neoyhlla-khprmra.jpg\",\"contentUrl\":\"https:\/\/maysternyachuda.com\/wp-content\/uploads\/2026\/01\/42-psilh-neoyhlla-khprmra.jpg\",\"width\":1024,\"height\":1280},{\"@type\":\"BreadcrumbList\",\"@id\":\"https:\/\/maysternyachuda.com\/product\/%d1%81%d1%83%d0%ba%d0%bd%d1%8f-%d0%bf%d0%b5%d1%80%d0%bb%d0%b8%d0%bd%d0%bd%d0%b0-%d1%87%d0%b8%d1%81%d1%82%d0%be%d1%82%d0%b0\/#breadcrumb\",\"itemListElement\":[{\"@type\":\"ListItem\",\"position\":1,\"name\":\"\u0413\u043e\u043b\u043e\u0432\u043d\u0430\",\"item\":\"https:\/\/maysternyachuda.com\/\"},{\"@type\":\"ListItem\",\"position\":2,\"name\":\"\u0412\u0438\u0440\u043e\u0431\u0438\",\"item\":\"https:\/\/maysternyachuda.com\/shop-2\/\"},{\"@type\":\"ListItem\",\"position\":3,\"name\":\"\u0421\u0443\u043a\u043d\u044f &#8220;\u041f\u0435\u0440\u043b\u0438\u043d\u043d\u0430 \u0447\u0438\u0441\u0442\u043e\u0442\u0430&#8221;\"}]},{\"@type\":\"WebSite\",\"@id\":\"https:\/\/maysternyachuda.com\/#website\",\"url\":\"https:\/\/maysternyachuda.com\/\",\"name\":\"\u041c\u0430\u0439\u0441\u0442\u0435\u0440\u043d\u044f \u0427\u0443\u0434\u0430\",\"description\":\"\u041a\u0440\u0438\u0436\u043c\u0438 \u0412\u0430\u0440\u0448\u0430\u0432\u0430\",\"potentialAction\":[{\"@type\":\"SearchAction\",\"target\":{\"@type\":\"EntryPoint\",\"urlTemplate\":\"https:\/\/maysternyachuda.com\/?s={search_term_string}\"},\"query-input\":{\"@type\":\"PropertyValueSpecification\",\"valueRequired\":true,\"valueName\":\"search_term_string\"}}],\"inLanguage\":\"pl-PL\"}]}<\/script>\n<!-- \/ Yoast SEO plugin. -->","yoast_head_json":{"title":"\u0421\u0443\u043a\u043d\u044f \"\u041f\u0435\u0440\u043b\u0438\u043d\u043d\u0430 \u0447\u0438\u0441\u0442\u043e\u0442\u0430\" - \u041c\u0430\u0439\u0441\u0442\u0435\u0440\u043d\u044f \u0427\u0443\u0434\u0430","description":"\u0421\u0443\u043a\u043d\u044f \u0434\u043b\u044f \u0445\u0440\u0435\u0449\u0435\u043d\u043d\u044f \"\u041f\u0435\u0440\u043b\u0438\u043d\u043d\u0430 \u0447\u0438\u0441\u0442\u043e\u0442\u0430\"\u0421\u0443\u043a\u043d\u044f \"\u041f\u0435\u0440\u043b\u0438\u043d\u043d\u0430 \u0447\u0438\u0441\u0442\u043e\u0442\u0430\" \u2014 \u0446\u0435 \u0441\u043f\u0440\u0430\u0432\u0436\u043d\u0454 \u0432\u0442\u0456\u043b\u0435\u043d\u043d\u044f \u043d\u0456\u0436\u043d\u043e\u0441\u0442\u0456 \u0439 \u0432\u0438\u0442\u043e\u043d\u0447\u0435\u043d\u043e\u0441\u0442\u0456, \u0441\u0442\u0432\u043e\u0440\u0435\u043d\u0435 \u0434\u043b\u044f \u043d\u0430\u0439\u0441\u0432\u0456\u0442\u043b\u0456\u0448\u043e\u0433\u043e \u0434\u043d\u044f \u0443 \u0436\u0438\u0442\u0442\u0456 \u043c\u0430\u043b\u0435\u043d\u044c\u043a\u043e\u0457 \u043f\u0440\u0438\u043d\u0446\u0435\u0441\u0438. \u0412\u0438\u043a\u043e\u043d\u0430\u043d\u0430 \u0437 \u043c'\u044f\u043a\u043e\u0433\u043e \u0442\u0440\u0438\u043a\u043e\u0442\u0430\u0436\u0443, \u0432\u043e\u043d\u0430 \u043e\u0433\u043e\u0440\u0442\u0430\u0454 \u0434\u0438\u0442\u0438\u043d\u0443 \u043a\u043e\u043c\u0444\u043e\u0440\u0442\u043e\u043c, \u0437\u0430\u043b\u0438\u0448\u0430\u044e\u0447\u0438 \u0432\u0456\u0434\u0447\u0443\u0442\u0442\u044f \u043b\u0435\u0433\u043a\u043e\u0441\u0442\u0456 \u0442\u0430 \u0442\u0435\u043f\u043b\u0430.","robots":{"index":"index","follow":"follow","max-snippet":"max-snippet:-1","max-image-preview":"max-image-preview:large","max-video-preview":"max-video-preview:-1"},"canonical":"https:\/\/maysternyachuda.com\/pl\/produkt\/\u0441\u0443\u043a\u043d\u044f-\u043f\u0435\u0440\u043b\u0438\u043d\u043d\u0430-\u0447\u0438\u0441\u0442\u043e\u0442\u0430\/","og_locale":"pl_PL","og_type":"article","og_title":"\u0421\u0443\u043a\u043d\u044f \"\u041f\u0435\u0440\u043b\u0438\u043d\u043d\u0430 \u0447\u0438\u0441\u0442\u043e\u0442\u0430\" - \u041c\u0430\u0439\u0441\u0442\u0435\u0440\u043d\u044f \u0427\u0443\u0434\u0430","og_description":"\u0421\u0443\u043a\u043d\u044f \u0434\u043b\u044f \u0445\u0440\u0435\u0449\u0435\u043d\u043d\u044f \"\u041f\u0435\u0440\u043b\u0438\u043d\u043d\u0430 \u0447\u0438\u0441\u0442\u043e\u0442\u0430\"\u0421\u0443\u043a\u043d\u044f \"\u041f\u0435\u0440\u043b\u0438\u043d\u043d\u0430 \u0447\u0438\u0441\u0442\u043e\u0442\u0430\" \u2014 \u0446\u0435 \u0441\u043f\u0440\u0430\u0432\u0436\u043d\u0454 \u0432\u0442\u0456\u043b\u0435\u043d\u043d\u044f \u043d\u0456\u0436\u043d\u043e\u0441\u0442\u0456 \u0439 \u0432\u0438\u0442\u043e\u043d\u0447\u0435\u043d\u043e\u0441\u0442\u0456, \u0441\u0442\u0432\u043e\u0440\u0435\u043d\u0435 \u0434\u043b\u044f \u043d\u0430\u0439\u0441\u0432\u0456\u0442\u043b\u0456\u0448\u043e\u0433\u043e \u0434\u043d\u044f \u0443 \u0436\u0438\u0442\u0442\u0456 \u043c\u0430\u043b\u0435\u043d\u044c\u043a\u043e\u0457 \u043f\u0440\u0438\u043d\u0446\u0435\u0441\u0438. \u0412\u0438\u043a\u043e\u043d\u0430\u043d\u0430 \u0437 \u043c'\u044f\u043a\u043e\u0433\u043e \u0442\u0440\u0438\u043a\u043e\u0442\u0430\u0436\u0443, \u0432\u043e\u043d\u0430 \u043e\u0433\u043e\u0440\u0442\u0430\u0454 \u0434\u0438\u0442\u0438\u043d\u0443 \u043a\u043e\u043c\u0444\u043e\u0440\u0442\u043e\u043c, \u0437\u0430\u043b\u0438\u0448\u0430\u044e\u0447\u0438 \u0432\u0456\u0434\u0447\u0443\u0442\u0442\u044f \u043b\u0435\u0433\u043a\u043e\u0441\u0442\u0456 \u0442\u0430 \u0442\u0435\u043f\u043b\u0430.","og_url":"https:\/\/maysternyachuda.com\/pl\/produkt\/\u0441\u0443\u043a\u043d\u044f-\u043f\u0435\u0440\u043b\u0438\u043d\u043d\u0430-\u0447\u0438\u0441\u0442\u043e\u0442\u0430\/","og_site_name":"\u041c\u0430\u0439\u0441\u0442\u0435\u0440\u043d\u044f \u0427\u0443\u0434\u0430","article_modified_time":"2026-03-06T18:32:03+00:00","og_image":[{"width":1024,"height":1280,"url":"http:\/\/maysternyachuda.com\/wp-content\/uploads\/2026\/01\/42-psilh-neoyhlla-khprmra.jpg","type":"image\/jpeg"}],"twitter_card":"summary_large_image","twitter_misc":{"Szacowany czas czytania":"1 minuta"},"schema":{"@context":"https:\/\/schema.org","@graph":[{"@type":"WebPage","@id":"https:\/\/maysternyachuda.com\/product\/%d1%81%d1%83%d0%ba%d0%bd%d1%8f-%d0%bf%d0%b5%d1%80%d0%bb%d0%b8%d0%bd%d0%bd%d0%b0-%d1%87%d0%b8%d1%81%d1%82%d0%be%d1%82%d0%b0\/","url":"https:\/\/maysternyachuda.com\/product\/%d1%81%d1%83%d0%ba%d0%bd%d1%8f-%d0%bf%d0%b5%d1%80%d0%bb%d0%b8%d0%bd%d0%bd%d0%b0-%d1%87%d0%b8%d1%81%d1%82%d0%be%d1%82%d0%b0\/","name":"\u0421\u0443\u043a\u043d\u044f \"\u041f\u0435\u0440\u043b\u0438\u043d\u043d\u0430 \u0447\u0438\u0441\u0442\u043e\u0442\u0430\" - \u041c\u0430\u0439\u0441\u0442\u0435\u0440\u043d\u044f \u0427\u0443\u0434\u0430","isPartOf":{"@id":"https:\/\/maysternyachuda.com\/#website"},"primaryImageOfPage":{"@id":"https:\/\/maysternyachuda.com\/product\/%d1%81%d1%83%d0%ba%d0%bd%d1%8f-%d0%bf%d0%b5%d1%80%d0%bb%d0%b8%d0%bd%d0%bd%d0%b0-%d1%87%d0%b8%d1%81%d1%82%d0%be%d1%82%d0%b0\/#primaryimage"},"image":{"@id":"https:\/\/maysternyachuda.com\/product\/%d1%81%d1%83%d0%ba%d0%bd%d1%8f-%d0%bf%d0%b5%d1%80%d0%bb%d0%b8%d0%bd%d0%bd%d0%b0-%d1%87%d0%b8%d1%81%d1%82%d0%be%d1%82%d0%b0\/#primaryimage"},"thumbnailUrl":"https:\/\/maysternyachuda.com\/wp-content\/uploads\/2026\/01\/42-psilh-neoyhlla-khprmra.jpg","datePublished":"2025-01-25T21:13:22+00:00","dateModified":"2026-03-06T18:32:03+00:00","description":"\u0421\u0443\u043a\u043d\u044f \u0434\u043b\u044f \u0445\u0440\u0435\u0449\u0435\u043d\u043d\u044f \"\u041f\u0435\u0440\u043b\u0438\u043d\u043d\u0430 \u0447\u0438\u0441\u0442\u043e\u0442\u0430\"\u0421\u0443\u043a\u043d\u044f \"\u041f\u0435\u0440\u043b\u0438\u043d\u043d\u0430 \u0447\u0438\u0441\u0442\u043e\u0442\u0430\" \u2014 \u0446\u0435 \u0441\u043f\u0440\u0430\u0432\u0436\u043d\u0454 \u0432\u0442\u0456\u043b\u0435\u043d\u043d\u044f \u043d\u0456\u0436\u043d\u043e\u0441\u0442\u0456 \u0439 \u0432\u0438\u0442\u043e\u043d\u0447\u0435\u043d\u043e\u0441\u0442\u0456, \u0441\u0442\u0432\u043e\u0440\u0435\u043d\u0435 \u0434\u043b\u044f \u043d\u0430\u0439\u0441\u0432\u0456\u0442\u043b\u0456\u0448\u043e\u0433\u043e \u0434\u043d\u044f \u0443 \u0436\u0438\u0442\u0442\u0456 \u043c\u0430\u043b\u0435\u043d\u044c\u043a\u043e\u0457 \u043f\u0440\u0438\u043d\u0446\u0435\u0441\u0438. \u0412\u0438\u043a\u043e\u043d\u0430\u043d\u0430 \u0437 \u043c'\u044f\u043a\u043e\u0433\u043e \u0442\u0440\u0438\u043a\u043e\u0442\u0430\u0436\u0443, \u0432\u043e\u043d\u0430 \u043e\u0433\u043e\u0440\u0442\u0430\u0454 \u0434\u0438\u0442\u0438\u043d\u0443 \u043a\u043e\u043c\u0444\u043e\u0440\u0442\u043e\u043c, \u0437\u0430\u043b\u0438\u0448\u0430\u044e\u0447\u0438 \u0432\u0456\u0434\u0447\u0443\u0442\u0442\u044f \u043b\u0435\u0433\u043a\u043e\u0441\u0442\u0456 \u0442\u0430 \u0442\u0435\u043f\u043b\u0430.","breadcrumb":{"@id":"https:\/\/maysternyachuda.com\/product\/%d1%81%d1%83%d0%ba%d0%bd%d1%8f-%d0%bf%d0%b5%d1%80%d0%bb%d0%b8%d0%bd%d0%bd%d0%b0-%d1%87%d0%b8%d1%81%d1%82%d0%be%d1%82%d0%b0\/#breadcrumb"},"inLanguage":"pl-PL","potentialAction":[{"@type":"ReadAction","target":["https:\/\/maysternyachuda.com\/product\/%d1%81%d1%83%d0%ba%d0%bd%d1%8f-%d0%bf%d0%b5%d1%80%d0%bb%d0%b8%d0%bd%d0%bd%d0%b0-%d1%87%d0%b8%d1%81%d1%82%d0%be%d1%82%d0%b0\/"]}]},{"@type":"ImageObject","inLanguage":"pl-PL","@id":"https:\/\/maysternyachuda.com\/product\/%d1%81%d1%83%d0%ba%d0%bd%d1%8f-%d0%bf%d0%b5%d1%80%d0%bb%d0%b8%d0%bd%d0%bd%d0%b0-%d1%87%d0%b8%d1%81%d1%82%d0%be%d1%82%d0%b0\/#primaryimage","url":"https:\/\/maysternyachuda.com\/wp-content\/uploads\/2026\/01\/42-psilh-neoyhlla-khprmra.jpg","contentUrl":"https:\/\/maysternyachuda.com\/wp-content\/uploads\/2026\/01\/42-psilh-neoyhlla-khprmra.jpg","width":1024,"height":1280},{"@type":"BreadcrumbList","@id":"https:\/\/maysternyachuda.com\/product\/%d1%81%d1%83%d0%ba%d0%bd%d1%8f-%d0%bf%d0%b5%d1%80%d0%bb%d0%b8%d0%bd%d0%bd%d0%b0-%d1%87%d0%b8%d1%81%d1%82%d0%be%d1%82%d0%b0\/#breadcrumb","itemListElement":[{"@type":"ListItem","position":1,"name":"\u0413\u043e\u043b\u043e\u0432\u043d\u0430","item":"https:\/\/maysternyachuda.com\/"},{"@type":"ListItem","position":2,"name":"\u0412\u0438\u0440\u043e\u0431\u0438","item":"https:\/\/maysternyachuda.com\/shop-2\/"},{"@type":"ListItem","position":3,"name":"\u0421\u0443\u043a\u043d\u044f &#8220;\u041f\u0435\u0440\u043b\u0438\u043d\u043d\u0430 \u0447\u0438\u0441\u0442\u043e\u0442\u0430&#8221;"}]},{"@type":"WebSite","@id":"https:\/\/maysternyachuda.com\/#website","url":"https:\/\/maysternyachuda.com\/","name":"\u041c\u0430\u0439\u0441\u0442\u0435\u0440\u043d\u044f \u0427\u0443\u0434\u0430","description":"\u041a\u0440\u0438\u0436\u043c\u0438 \u0412\u0430\u0440\u0448\u0430\u0432\u0430","potentialAction":[{"@type":"SearchAction","target":{"@type":"EntryPoint","urlTemplate":"https:\/\/maysternyachuda.com\/?s={search_term_string}"},"query-input":{"@type":"PropertyValueSpecification","valueRequired":true,"valueName":"search_term_string"}}],"inLanguage":"pl-PL"}]}},"_links":{"self":[{"href":"https:\/\/maysternyachuda.com\/pl\/wp-json\/wp\/v2\/product\/3926","targetHints":{"allow":["GET"]}}],"collection":[{"href":"https:\/\/maysternyachuda.com\/pl\/wp-json\/wp\/v2\/product"}],"about":[{"href":"https:\/\/maysternyachuda.com\/pl\/wp-json\/wp\/v2\/types\/product"}],"replies":[{"embeddable":true,"href":"https:\/\/maysternyachuda.com\/pl\/wp-json\/wp\/v2\/comments?post=3926"}],"wp:featuredmedia":[{"embeddable":true,"href":"https:\/\/maysternyachuda.com\/pl\/wp-json\/wp\/v2\/media\/3925"}],"wp:attachment":[{"href":"https:\/\/maysternyachuda.com\/pl\/wp-json\/wp\/v2\/media?parent=3926"}],"wp:term":[{"taxonomy":"product_brand","embeddable":true,"href":"https:\/\/maysternyachuda.com\/pl\/wp-json\/wp\/v2\/product_brand?post=3926"},{"taxonomy":"product_cat","embeddable":true,"href":"https:\/\/maysternyachuda.com\/pl\/wp-json\/wp\/v2\/product_cat?post=3926"},{"taxonomy":"product_tag","embeddable":true,"href":"https:\/\/maysternyachuda.com\/pl\/wp-json\/wp\/v2\/product_tag?post=3926"}],"curies":[{"name":"wp","href":"https:\/\/api.w.org\/{rel}","templated":true}]}}