{"id":3966,"date":"2025-01-26T13:48:36","date_gmt":"2025-01-26T12:48:36","guid":{"rendered":"https:\/\/maysternyachuda.com\/?post_type=product&#038;p=3966"},"modified":"2026-03-06T19:31:19","modified_gmt":"2026-03-06T18:31:19","slug":"%d0%ba%d0%be%d1%81%d1%82%d1%8e%d0%bc%d1%87%d0%b8%d0%ba-%d0%b4%d0%bb%d1%8f-%d1%85%d0%bb%d0%be%d0%bf%d1%87%d0%b8%d0%ba%d0%b0-%d1%8f%d0%bd%d0%b3%d0%be%d0%bb%d1%8f%d1%82%d0%ba%d0%be","status":"publish","type":"product","link":"https:\/\/maysternyachuda.com\/pl\/produkt\/%d0%ba%d0%be%d1%81%d1%82%d1%8e%d0%bc%d1%87%d0%b8%d0%ba-%d0%b4%d0%bb%d1%8f-%d1%85%d0%bb%d0%be%d0%bf%d1%87%d0%b8%d0%ba%d0%b0-%d1%8f%d0%bd%d0%b3%d0%be%d0%bb%d1%8f%d1%82%d0%ba%d0%be\/","title":{"rendered":"Kombinezon ch\u0142opi\u0119cy \u201cAngel\u201d"},"content":{"rendered":"<p>Spersonalizowany garnitur do chrztu to wyj\u0105tkowy ubi\u00f3r na wyj\u0105tkowy dzie\u0144 \ud83e\udd0d<\/p>\n<p>Ten delikatny komplet zosta\u0142 stworzony specjalnie na Sakrament Chrztu.<br \/>\nNa piersi znajduje si\u0119 elegancka litera z imieniem, a na plecach pe\u0142ne imi\u0119 dziecka, co sprawia, \u017ce \u200b\u200bprodukt jest wyj\u0105tkowy i niezapomniany.<\/p>\n<p>Str\u00f3j wykonany jest z mi\u0119kkiego, przyjemnego dla cia\u0142a materia\u0142u, bezpiecznego dla wra\u017cliwej sk\u00f3ry dziecka. Idealnie sprawdzi si\u0119 podczas pierwszego wa\u017cnego wydarzenia w \u017cyciu dziecka i pozostanie wzruszaj\u0105c\u0105 pami\u0105tk\u0105 na lata.<\/p>","protected":false},"excerpt":{"rendered":"<p>\u0406\u043c\u0435\u043d\u043d\u0438\u0439 \u043a\u043e\u0441\u0442\u044e\u043c\u0447\u0438\u043a \u0434\u043b\u044f \u0445\u0440\u0435\u0449\u0435\u043d\u043d\u044f \u2014 \u043e\u0441\u043e\u0431\u043b\u0438\u0432\u0438\u0439 \u043e\u0434\u044f\u0433 \u0434\u043b\u044f \u043e\u0441\u043e\u0431\u043b\u0438\u0432\u043e\u0433\u043e \u0434\u043d\u044f \ud83e\udd0d \u0426\u0435\u0439 \u043d\u0456\u0436\u043d\u0438\u0439 \u0456\u043c\u0435\u043d\u043d\u0438\u0439 \u043a\u043e\u0441\u0442\u044e\u043c\u0447\u0438\u043a \u0441\u0442\u0432\u043e\u0440\u0435\u043d\u0438\u0439 \u0441\u043f\u0435\u0446\u0456\u0430\u043b\u044c\u043d\u043e \u0434\u043b\u044f \u0422\u0430\u0457\u043d\u0441\u0442\u0432\u0430 \u0425\u0440\u0435\u0449\u0435\u043d\u043d\u044f. \u041d\u0430 \u0433\u0440\u0443\u0434\u044f\u0445 \u2014 \u0432\u0438\u0442\u043e\u043d\u0447\u0435\u043d\u0430 \u043b\u0456\u0442\u0435\u0440\u0430 \u0456\u043c\u0435\u043d\u0456, \u0430 \u043d\u0430 \u0441\u043f\u0438\u043d\u0446\u0456 \u2014 \u043f\u043e\u0432\u043d\u0435 \u0456\u043c\u2019\u044f \u043c\u0430\u043b\u044e\u043a\u0430, \u0449\u043e \u0440\u043e\u0431\u0438\u0442\u044c \u0432\u0438\u0440\u0456\u0431 \u0443\u043d\u0456\u043a\u0430\u043b\u044c\u043d\u0438\u043c \u0456 \u043f\u0430\u043c\u2019\u044f\u0442\u043d\u0438\u043c. \u041a\u043e\u0441\u0442\u044e\u043c\u0447\u0438\u043a \u0432\u0438\u0433\u043e\u0442\u043e\u0432\u043b\u0435\u043d\u0438\u0439 \u0437 \u043c\u2019\u044f\u043a\u043e\u0457, \u043f\u0440\u0438\u0454\u043c\u043d\u043e\u0457 \u0434\u043e \u0442\u0456\u043b\u0430 \u0442\u043a\u0430\u043d\u0438\u043d\u0438, \u0431\u0435\u0437\u043f\u0435\u0447\u043d\u043e\u0457 \u0434\u043b\u044f \u0447\u0443\u0442\u043b\u0438\u0432\u043e\u0457 \u0434\u0438\u0442\u044f\u0447\u043e\u0457 \u0448\u043a\u0456\u0440\u0438. \u0406\u0434\u0435\u0430\u043b\u044c\u043d\u043e \u043f\u0456\u0434\u0445\u043e\u0434\u0438\u0442\u044c \u0434\u043b\u044f [&hellip;]<\/p>","protected":false},"featured_media":3970,"comment_status":"open","ping_status":"closed","template":"","meta":[],"product_brand":[],"product_cat":[78],"product_tag":[],"class_list":{"0":"post-3966","1":"product","2":"type-product","3":"status-publish","4":"has-post-thumbnail","6":"product_cat-clothes-for-boys","8":"first","9":"onbackorder","10":"shipping-taxable","11":"purchasable","12":"product-type-simple"},"yoast_head":"<!-- This site is optimized with the Yoast SEO plugin v26.9 - https:\/\/yoast.com\/product\/yoast-seo-wordpress\/ -->\n<title>\u041a\u043e\u0441\u0442\u044e\u043c\u0447\u0438\u043a \u0434\u043b\u044f \u0445\u043b\u043e\u043f\u0447\u0438\u043a\u0430 &quot;\u042f\u043d\u0433\u043e\u043b\u044f\u0442\u043a\u043e&quot; - \u041c\u0430\u0439\u0441\u0442\u0435\u0440\u043d\u044f \u0427\u0443\u0434\u0430<\/title>\n<meta name=\"robots\" content=\"index, follow, max-snippet:-1, max-image-preview:large, max-video-preview:-1\" \/>\n<link rel=\"canonical\" href=\"https:\/\/maysternyachuda.com\/pl\/produkt\/\u043a\u043e\u0441\u0442\u044e\u043c\u0447\u0438\u043a-\u0434\u043b\u044f-\u0445\u043b\u043e\u043f\u0447\u0438\u043a\u0430-\u044f\u043d\u0433\u043e\u043b\u044f\u0442\u043a\u043e\/\" \/>\n<meta property=\"og:locale\" content=\"pl_PL\" \/>\n<meta property=\"og:type\" content=\"article\" \/>\n<meta property=\"og:title\" content=\"\u041a\u043e\u0441\u0442\u044e\u043c\u0447\u0438\u043a \u0434\u043b\u044f \u0445\u043b\u043e\u043f\u0447\u0438\u043a\u0430 &quot;\u042f\u043d\u0433\u043e\u043b\u044f\u0442\u043a\u043e&quot; - \u041c\u0430\u0439\u0441\u0442\u0435\u0440\u043d\u044f \u0427\u0443\u0434\u0430\" \/>\n<meta property=\"og:description\" content=\"\u0406\u043c\u0435\u043d\u043d\u0438\u0439 \u043a\u043e\u0441\u0442\u044e\u043c\u0447\u0438\u043a \u0434\u043b\u044f \u0445\u0440\u0435\u0449\u0435\u043d\u043d\u044f \u2014 \u043e\u0441\u043e\u0431\u043b\u0438\u0432\u0438\u0439 \u043e\u0434\u044f\u0433 \u0434\u043b\u044f \u043e\u0441\u043e\u0431\u043b\u0438\u0432\u043e\u0433\u043e \u0434\u043d\u044f \ud83e\udd0d \u0426\u0435\u0439 \u043d\u0456\u0436\u043d\u0438\u0439 \u0456\u043c\u0435\u043d\u043d\u0438\u0439 \u043a\u043e\u0441\u0442\u044e\u043c\u0447\u0438\u043a \u0441\u0442\u0432\u043e\u0440\u0435\u043d\u0438\u0439 \u0441\u043f\u0435\u0446\u0456\u0430\u043b\u044c\u043d\u043e \u0434\u043b\u044f \u0422\u0430\u0457\u043d\u0441\u0442\u0432\u0430 \u0425\u0440\u0435\u0449\u0435\u043d\u043d\u044f. \u041d\u0430 \u0433\u0440\u0443\u0434\u044f\u0445 \u2014 \u0432\u0438\u0442\u043e\u043d\u0447\u0435\u043d\u0430 \u043b\u0456\u0442\u0435\u0440\u0430 \u0456\u043c\u0435\u043d\u0456, \u0430 \u043d\u0430 \u0441\u043f\u0438\u043d\u0446\u0456 \u2014 \u043f\u043e\u0432\u043d\u0435 \u0456\u043c\u2019\u044f \u043c\u0430\u043b\u044e\u043a\u0430, \u0449\u043e \u0440\u043e\u0431\u0438\u0442\u044c \u0432\u0438\u0440\u0456\u0431 \u0443\u043d\u0456\u043a\u0430\u043b\u044c\u043d\u0438\u043c \u0456 \u043f\u0430\u043c\u2019\u044f\u0442\u043d\u0438\u043c. \u041a\u043e\u0441\u0442\u044e\u043c\u0447\u0438\u043a \u0432\u0438\u0433\u043e\u0442\u043e\u0432\u043b\u0435\u043d\u0438\u0439 \u0437 \u043c\u2019\u044f\u043a\u043e\u0457, \u043f\u0440\u0438\u0454\u043c\u043d\u043e\u0457 \u0434\u043e \u0442\u0456\u043b\u0430 \u0442\u043a\u0430\u043d\u0438\u043d\u0438, \u0431\u0435\u0437\u043f\u0435\u0447\u043d\u043e\u0457 \u0434\u043b\u044f \u0447\u0443\u0442\u043b\u0438\u0432\u043e\u0457 \u0434\u0438\u0442\u044f\u0447\u043e\u0457 \u0448\u043a\u0456\u0440\u0438. \u0406\u0434\u0435\u0430\u043b\u044c\u043d\u043e \u043f\u0456\u0434\u0445\u043e\u0434\u0438\u0442\u044c \u0434\u043b\u044f [&hellip;]\" \/>\n<meta property=\"og:url\" content=\"https:\/\/maysternyachuda.com\/pl\/produkt\/\u043a\u043e\u0441\u0442\u044e\u043c\u0447\u0438\u043a-\u0434\u043b\u044f-\u0445\u043b\u043e\u043f\u0447\u0438\u043a\u0430-\u044f\u043d\u0433\u043e\u043b\u044f\u0442\u043a\u043e\/\" \/>\n<meta property=\"og:site_name\" content=\"\u041c\u0430\u0439\u0441\u0442\u0435\u0440\u043d\u044f \u0427\u0443\u0434\u0430\" \/>\n<meta property=\"article:modified_time\" content=\"2026-03-06T18:31:19+00:00\" \/>\n<meta property=\"og:image\" content=\"http:\/\/maysternyachuda.com\/wp-content\/uploads\/2026\/01\/photo_2026-01-26_13-45-29.jpg\" \/>\n\t<meta property=\"og:image:width\" content=\"960\" \/>\n\t<meta property=\"og:image:height\" content=\"1280\" \/>\n\t<meta property=\"og:image:type\" content=\"image\/jpeg\" \/>\n<meta name=\"twitter:card\" content=\"summary_large_image\" \/>\n<script type=\"application\/ld+json\" class=\"yoast-schema-graph\">{\"@context\":\"https:\/\/schema.org\",\"@graph\":[{\"@type\":\"WebPage\",\"@id\":\"https:\/\/maysternyachuda.com\/product\/%d0%ba%d0%be%d1%81%d1%82%d1%8e%d0%bc%d1%87%d0%b8%d0%ba-%d0%b4%d0%bb%d1%8f-%d1%85%d0%bb%d0%be%d0%bf%d1%87%d0%b8%d0%ba%d0%b0-%d1%8f%d0%bd%d0%b3%d0%be%d0%bb%d1%8f%d1%82%d0%ba%d0%be\/\",\"url\":\"https:\/\/maysternyachuda.com\/product\/%d0%ba%d0%be%d1%81%d1%82%d1%8e%d0%bc%d1%87%d0%b8%d0%ba-%d0%b4%d0%bb%d1%8f-%d1%85%d0%bb%d0%be%d0%bf%d1%87%d0%b8%d0%ba%d0%b0-%d1%8f%d0%bd%d0%b3%d0%be%d0%bb%d1%8f%d1%82%d0%ba%d0%be\/\",\"name\":\"\u041a\u043e\u0441\u0442\u044e\u043c\u0447\u0438\u043a \u0434\u043b\u044f \u0445\u043b\u043e\u043f\u0447\u0438\u043a\u0430 \\\"\u042f\u043d\u0433\u043e\u043b\u044f\u0442\u043a\u043e\\\" - \u041c\u0430\u0439\u0441\u0442\u0435\u0440\u043d\u044f \u0427\u0443\u0434\u0430\",\"isPartOf\":{\"@id\":\"https:\/\/maysternyachuda.com\/#website\"},\"primaryImageOfPage\":{\"@id\":\"https:\/\/maysternyachuda.com\/product\/%d0%ba%d0%be%d1%81%d1%82%d1%8e%d0%bc%d1%87%d0%b8%d0%ba-%d0%b4%d0%bb%d1%8f-%d1%85%d0%bb%d0%be%d0%bf%d1%87%d0%b8%d0%ba%d0%b0-%d1%8f%d0%bd%d0%b3%d0%be%d0%bb%d1%8f%d1%82%d0%ba%d0%be\/#primaryimage\"},\"image\":{\"@id\":\"https:\/\/maysternyachuda.com\/product\/%d0%ba%d0%be%d1%81%d1%82%d1%8e%d0%bc%d1%87%d0%b8%d0%ba-%d0%b4%d0%bb%d1%8f-%d1%85%d0%bb%d0%be%d0%bf%d1%87%d0%b8%d0%ba%d0%b0-%d1%8f%d0%bd%d0%b3%d0%be%d0%bb%d1%8f%d1%82%d0%ba%d0%be\/#primaryimage\"},\"thumbnailUrl\":\"https:\/\/maysternyachuda.com\/wp-content\/uploads\/2026\/01\/photo_2026-01-26_13-45-29.jpg\",\"datePublished\":\"2025-01-26T12:48:36+00:00\",\"dateModified\":\"2026-03-06T18:31:19+00:00\",\"breadcrumb\":{\"@id\":\"https:\/\/maysternyachuda.com\/product\/%d0%ba%d0%be%d1%81%d1%82%d1%8e%d0%bc%d1%87%d0%b8%d0%ba-%d0%b4%d0%bb%d1%8f-%d1%85%d0%bb%d0%be%d0%bf%d1%87%d0%b8%d0%ba%d0%b0-%d1%8f%d0%bd%d0%b3%d0%be%d0%bb%d1%8f%d1%82%d0%ba%d0%be\/#breadcrumb\"},\"inLanguage\":\"pl-PL\",\"potentialAction\":[{\"@type\":\"ReadAction\",\"target\":[\"https:\/\/maysternyachuda.com\/product\/%d0%ba%d0%be%d1%81%d1%82%d1%8e%d0%bc%d1%87%d0%b8%d0%ba-%d0%b4%d0%bb%d1%8f-%d1%85%d0%bb%d0%be%d0%bf%d1%87%d0%b8%d0%ba%d0%b0-%d1%8f%d0%bd%d0%b3%d0%be%d0%bb%d1%8f%d1%82%d0%ba%d0%be\/\"]}]},{\"@type\":\"ImageObject\",\"inLanguage\":\"pl-PL\",\"@id\":\"https:\/\/maysternyachuda.com\/product\/%d0%ba%d0%be%d1%81%d1%82%d1%8e%d0%bc%d1%87%d0%b8%d0%ba-%d0%b4%d0%bb%d1%8f-%d1%85%d0%bb%d0%be%d0%bf%d1%87%d0%b8%d0%ba%d0%b0-%d1%8f%d0%bd%d0%b3%d0%be%d0%bb%d1%8f%d1%82%d0%ba%d0%be\/#primaryimage\",\"url\":\"https:\/\/maysternyachuda.com\/wp-content\/uploads\/2026\/01\/photo_2026-01-26_13-45-29.jpg\",\"contentUrl\":\"https:\/\/maysternyachuda.com\/wp-content\/uploads\/2026\/01\/photo_2026-01-26_13-45-29.jpg\",\"width\":960,\"height\":1280},{\"@type\":\"BreadcrumbList\",\"@id\":\"https:\/\/maysternyachuda.com\/product\/%d0%ba%d0%be%d1%81%d1%82%d1%8e%d0%bc%d1%87%d0%b8%d0%ba-%d0%b4%d0%bb%d1%8f-%d1%85%d0%bb%d0%be%d0%bf%d1%87%d0%b8%d0%ba%d0%b0-%d1%8f%d0%bd%d0%b3%d0%be%d0%bb%d1%8f%d1%82%d0%ba%d0%be\/#breadcrumb\",\"itemListElement\":[{\"@type\":\"ListItem\",\"position\":1,\"name\":\"\u0413\u043e\u043b\u043e\u0432\u043d\u0430\",\"item\":\"https:\/\/maysternyachuda.com\/\"},{\"@type\":\"ListItem\",\"position\":2,\"name\":\"\u0412\u0438\u0440\u043e\u0431\u0438\",\"item\":\"https:\/\/maysternyachuda.com\/shop-2\/\"},{\"@type\":\"ListItem\",\"position\":3,\"name\":\"\u041a\u043e\u0441\u0442\u044e\u043c\u0447\u0438\u043a \u0434\u043b\u044f \u0445\u043b\u043e\u043f\u0447\u0438\u043a\u0430 &#8220;\u042f\u043d\u0433\u043e\u043b\u044f\u0442\u043a\u043e&#8221;\"}]},{\"@type\":\"WebSite\",\"@id\":\"https:\/\/maysternyachuda.com\/#website\",\"url\":\"https:\/\/maysternyachuda.com\/\",\"name\":\"\u041c\u0430\u0439\u0441\u0442\u0435\u0440\u043d\u044f \u0427\u0443\u0434\u0430\",\"description\":\"\u041a\u0440\u0438\u0436\u043c\u0438 \u0412\u0430\u0440\u0448\u0430\u0432\u0430\",\"potentialAction\":[{\"@type\":\"SearchAction\",\"target\":{\"@type\":\"EntryPoint\",\"urlTemplate\":\"https:\/\/maysternyachuda.com\/?s={search_term_string}\"},\"query-input\":{\"@type\":\"PropertyValueSpecification\",\"valueRequired\":true,\"valueName\":\"search_term_string\"}}],\"inLanguage\":\"pl-PL\"}]}<\/script>\n<!-- \/ Yoast SEO plugin. -->","yoast_head_json":{"title":"\u041a\u043e\u0441\u0442\u044e\u043c\u0447\u0438\u043a \u0434\u043b\u044f \u0445\u043b\u043e\u043f\u0447\u0438\u043a\u0430 \"\u042f\u043d\u0433\u043e\u043b\u044f\u0442\u043a\u043e\" - \u041c\u0430\u0439\u0441\u0442\u0435\u0440\u043d\u044f \u0427\u0443\u0434\u0430","robots":{"index":"index","follow":"follow","max-snippet":"max-snippet:-1","max-image-preview":"max-image-preview:large","max-video-preview":"max-video-preview:-1"},"canonical":"https:\/\/maysternyachuda.com\/pl\/produkt\/\u043a\u043e\u0441\u0442\u044e\u043c\u0447\u0438\u043a-\u0434\u043b\u044f-\u0445\u043b\u043e\u043f\u0447\u0438\u043a\u0430-\u044f\u043d\u0433\u043e\u043b\u044f\u0442\u043a\u043e\/","og_locale":"pl_PL","og_type":"article","og_title":"\u041a\u043e\u0441\u0442\u044e\u043c\u0447\u0438\u043a \u0434\u043b\u044f \u0445\u043b\u043e\u043f\u0447\u0438\u043a\u0430 \"\u042f\u043d\u0433\u043e\u043b\u044f\u0442\u043a\u043e\" - \u041c\u0430\u0439\u0441\u0442\u0435\u0440\u043d\u044f \u0427\u0443\u0434\u0430","og_description":"\u0406\u043c\u0435\u043d\u043d\u0438\u0439 \u043a\u043e\u0441\u0442\u044e\u043c\u0447\u0438\u043a \u0434\u043b\u044f \u0445\u0440\u0435\u0449\u0435\u043d\u043d\u044f \u2014 \u043e\u0441\u043e\u0431\u043b\u0438\u0432\u0438\u0439 \u043e\u0434\u044f\u0433 \u0434\u043b\u044f \u043e\u0441\u043e\u0431\u043b\u0438\u0432\u043e\u0433\u043e \u0434\u043d\u044f \ud83e\udd0d \u0426\u0435\u0439 \u043d\u0456\u0436\u043d\u0438\u0439 \u0456\u043c\u0435\u043d\u043d\u0438\u0439 \u043a\u043e\u0441\u0442\u044e\u043c\u0447\u0438\u043a \u0441\u0442\u0432\u043e\u0440\u0435\u043d\u0438\u0439 \u0441\u043f\u0435\u0446\u0456\u0430\u043b\u044c\u043d\u043e \u0434\u043b\u044f \u0422\u0430\u0457\u043d\u0441\u0442\u0432\u0430 \u0425\u0440\u0435\u0449\u0435\u043d\u043d\u044f. \u041d\u0430 \u0433\u0440\u0443\u0434\u044f\u0445 \u2014 \u0432\u0438\u0442\u043e\u043d\u0447\u0435\u043d\u0430 \u043b\u0456\u0442\u0435\u0440\u0430 \u0456\u043c\u0435\u043d\u0456, \u0430 \u043d\u0430 \u0441\u043f\u0438\u043d\u0446\u0456 \u2014 \u043f\u043e\u0432\u043d\u0435 \u0456\u043c\u2019\u044f \u043c\u0430\u043b\u044e\u043a\u0430, \u0449\u043e \u0440\u043e\u0431\u0438\u0442\u044c \u0432\u0438\u0440\u0456\u0431 \u0443\u043d\u0456\u043a\u0430\u043b\u044c\u043d\u0438\u043c \u0456 \u043f\u0430\u043c\u2019\u044f\u0442\u043d\u0438\u043c. \u041a\u043e\u0441\u0442\u044e\u043c\u0447\u0438\u043a \u0432\u0438\u0433\u043e\u0442\u043e\u0432\u043b\u0435\u043d\u0438\u0439 \u0437 \u043c\u2019\u044f\u043a\u043e\u0457, \u043f\u0440\u0438\u0454\u043c\u043d\u043e\u0457 \u0434\u043e \u0442\u0456\u043b\u0430 \u0442\u043a\u0430\u043d\u0438\u043d\u0438, \u0431\u0435\u0437\u043f\u0435\u0447\u043d\u043e\u0457 \u0434\u043b\u044f \u0447\u0443\u0442\u043b\u0438\u0432\u043e\u0457 \u0434\u0438\u0442\u044f\u0447\u043e\u0457 \u0448\u043a\u0456\u0440\u0438. \u0406\u0434\u0435\u0430\u043b\u044c\u043d\u043e \u043f\u0456\u0434\u0445\u043e\u0434\u0438\u0442\u044c \u0434\u043b\u044f [&hellip;]","og_url":"https:\/\/maysternyachuda.com\/pl\/produkt\/\u043a\u043e\u0441\u0442\u044e\u043c\u0447\u0438\u043a-\u0434\u043b\u044f-\u0445\u043b\u043e\u043f\u0447\u0438\u043a\u0430-\u044f\u043d\u0433\u043e\u043b\u044f\u0442\u043a\u043e\/","og_site_name":"\u041c\u0430\u0439\u0441\u0442\u0435\u0440\u043d\u044f \u0427\u0443\u0434\u0430","article_modified_time":"2026-03-06T18:31:19+00:00","og_image":[{"width":960,"height":1280,"url":"http:\/\/maysternyachuda.com\/wp-content\/uploads\/2026\/01\/photo_2026-01-26_13-45-29.jpg","type":"image\/jpeg"}],"twitter_card":"summary_large_image","schema":{"@context":"https:\/\/schema.org","@graph":[{"@type":"WebPage","@id":"https:\/\/maysternyachuda.com\/product\/%d0%ba%d0%be%d1%81%d1%82%d1%8e%d0%bc%d1%87%d0%b8%d0%ba-%d0%b4%d0%bb%d1%8f-%d1%85%d0%bb%d0%be%d0%bf%d1%87%d0%b8%d0%ba%d0%b0-%d1%8f%d0%bd%d0%b3%d0%be%d0%bb%d1%8f%d1%82%d0%ba%d0%be\/","url":"https:\/\/maysternyachuda.com\/product\/%d0%ba%d0%be%d1%81%d1%82%d1%8e%d0%bc%d1%87%d0%b8%d0%ba-%d0%b4%d0%bb%d1%8f-%d1%85%d0%bb%d0%be%d0%bf%d1%87%d0%b8%d0%ba%d0%b0-%d1%8f%d0%bd%d0%b3%d0%be%d0%bb%d1%8f%d1%82%d0%ba%d0%be\/","name":"\u041a\u043e\u0441\u0442\u044e\u043c\u0447\u0438\u043a \u0434\u043b\u044f \u0445\u043b\u043e\u043f\u0447\u0438\u043a\u0430 \"\u042f\u043d\u0433\u043e\u043b\u044f\u0442\u043a\u043e\" - \u041c\u0430\u0439\u0441\u0442\u0435\u0440\u043d\u044f \u0427\u0443\u0434\u0430","isPartOf":{"@id":"https:\/\/maysternyachuda.com\/#website"},"primaryImageOfPage":{"@id":"https:\/\/maysternyachuda.com\/product\/%d0%ba%d0%be%d1%81%d1%82%d1%8e%d0%bc%d1%87%d0%b8%d0%ba-%d0%b4%d0%bb%d1%8f-%d1%85%d0%bb%d0%be%d0%bf%d1%87%d0%b8%d0%ba%d0%b0-%d1%8f%d0%bd%d0%b3%d0%be%d0%bb%d1%8f%d1%82%d0%ba%d0%be\/#primaryimage"},"image":{"@id":"https:\/\/maysternyachuda.com\/product\/%d0%ba%d0%be%d1%81%d1%82%d1%8e%d0%bc%d1%87%d0%b8%d0%ba-%d0%b4%d0%bb%d1%8f-%d1%85%d0%bb%d0%be%d0%bf%d1%87%d0%b8%d0%ba%d0%b0-%d1%8f%d0%bd%d0%b3%d0%be%d0%bb%d1%8f%d1%82%d0%ba%d0%be\/#primaryimage"},"thumbnailUrl":"https:\/\/maysternyachuda.com\/wp-content\/uploads\/2026\/01\/photo_2026-01-26_13-45-29.jpg","datePublished":"2025-01-26T12:48:36+00:00","dateModified":"2026-03-06T18:31:19+00:00","breadcrumb":{"@id":"https:\/\/maysternyachuda.com\/product\/%d0%ba%d0%be%d1%81%d1%82%d1%8e%d0%bc%d1%87%d0%b8%d0%ba-%d0%b4%d0%bb%d1%8f-%d1%85%d0%bb%d0%be%d0%bf%d1%87%d0%b8%d0%ba%d0%b0-%d1%8f%d0%bd%d0%b3%d0%be%d0%bb%d1%8f%d1%82%d0%ba%d0%be\/#breadcrumb"},"inLanguage":"pl-PL","potentialAction":[{"@type":"ReadAction","target":["https:\/\/maysternyachuda.com\/product\/%d0%ba%d0%be%d1%81%d1%82%d1%8e%d0%bc%d1%87%d0%b8%d0%ba-%d0%b4%d0%bb%d1%8f-%d1%85%d0%bb%d0%be%d0%bf%d1%87%d0%b8%d0%ba%d0%b0-%d1%8f%d0%bd%d0%b3%d0%be%d0%bb%d1%8f%d1%82%d0%ba%d0%be\/"]}]},{"@type":"ImageObject","inLanguage":"pl-PL","@id":"https:\/\/maysternyachuda.com\/product\/%d0%ba%d0%be%d1%81%d1%82%d1%8e%d0%bc%d1%87%d0%b8%d0%ba-%d0%b4%d0%bb%d1%8f-%d1%85%d0%bb%d0%be%d0%bf%d1%87%d0%b8%d0%ba%d0%b0-%d1%8f%d0%bd%d0%b3%d0%be%d0%bb%d1%8f%d1%82%d0%ba%d0%be\/#primaryimage","url":"https:\/\/maysternyachuda.com\/wp-content\/uploads\/2026\/01\/photo_2026-01-26_13-45-29.jpg","contentUrl":"https:\/\/maysternyachuda.com\/wp-content\/uploads\/2026\/01\/photo_2026-01-26_13-45-29.jpg","width":960,"height":1280},{"@type":"BreadcrumbList","@id":"https:\/\/maysternyachuda.com\/product\/%d0%ba%d0%be%d1%81%d1%82%d1%8e%d0%bc%d1%87%d0%b8%d0%ba-%d0%b4%d0%bb%d1%8f-%d1%85%d0%bb%d0%be%d0%bf%d1%87%d0%b8%d0%ba%d0%b0-%d1%8f%d0%bd%d0%b3%d0%be%d0%bb%d1%8f%d1%82%d0%ba%d0%be\/#breadcrumb","itemListElement":[{"@type":"ListItem","position":1,"name":"\u0413\u043e\u043b\u043e\u0432\u043d\u0430","item":"https:\/\/maysternyachuda.com\/"},{"@type":"ListItem","position":2,"name":"\u0412\u0438\u0440\u043e\u0431\u0438","item":"https:\/\/maysternyachuda.com\/shop-2\/"},{"@type":"ListItem","position":3,"name":"\u041a\u043e\u0441\u0442\u044e\u043c\u0447\u0438\u043a \u0434\u043b\u044f \u0445\u043b\u043e\u043f\u0447\u0438\u043a\u0430 &#8220;\u042f\u043d\u0433\u043e\u043b\u044f\u0442\u043a\u043e&#8221;"}]},{"@type":"WebSite","@id":"https:\/\/maysternyachuda.com\/#website","url":"https:\/\/maysternyachuda.com\/","name":"\u041c\u0430\u0439\u0441\u0442\u0435\u0440\u043d\u044f \u0427\u0443\u0434\u0430","description":"\u041a\u0440\u0438\u0436\u043c\u0438 \u0412\u0430\u0440\u0448\u0430\u0432\u0430","potentialAction":[{"@type":"SearchAction","target":{"@type":"EntryPoint","urlTemplate":"https:\/\/maysternyachuda.com\/?s={search_term_string}"},"query-input":{"@type":"PropertyValueSpecification","valueRequired":true,"valueName":"search_term_string"}}],"inLanguage":"pl-PL"}]}},"_links":{"self":[{"href":"https:\/\/maysternyachuda.com\/pl\/wp-json\/wp\/v2\/product\/3966","targetHints":{"allow":["GET"]}}],"collection":[{"href":"https:\/\/maysternyachuda.com\/pl\/wp-json\/wp\/v2\/product"}],"about":[{"href":"https:\/\/maysternyachuda.com\/pl\/wp-json\/wp\/v2\/types\/product"}],"replies":[{"embeddable":true,"href":"https:\/\/maysternyachuda.com\/pl\/wp-json\/wp\/v2\/comments?post=3966"}],"wp:featuredmedia":[{"embeddable":true,"href":"https:\/\/maysternyachuda.com\/pl\/wp-json\/wp\/v2\/media\/3970"}],"wp:attachment":[{"href":"https:\/\/maysternyachuda.com\/pl\/wp-json\/wp\/v2\/media?parent=3966"}],"wp:term":[{"taxonomy":"product_brand","embeddable":true,"href":"https:\/\/maysternyachuda.com\/pl\/wp-json\/wp\/v2\/product_brand?post=3966"},{"taxonomy":"product_cat","embeddable":true,"href":"https:\/\/maysternyachuda.com\/pl\/wp-json\/wp\/v2\/product_cat?post=3966"},{"taxonomy":"product_tag","embeddable":true,"href":"https:\/\/maysternyachuda.com\/pl\/wp-json\/wp\/v2\/product_tag?post=3966"}],"curies":[{"name":"wp","href":"https:\/\/api.w.org\/{rel}","templated":true}]}}